{"id":2478,"date":"2020-12-14T15:34:39","date_gmt":"2020-12-14T14:34:39","guid":{"rendered":"https:\/\/hydrobank.eu\/fileds-of-use\/rain-water\/"},"modified":"2020-12-21T10:06:34","modified_gmt":"2020-12-21T09:06:34","slug":"rain-water","status":"publish","type":"page","link":"https:\/\/hydrobank.eu\/en\/fileds-of-use\/rain-water\/","title":{"rendered":"RAIN WATER"},"content":{"rendered":"<p>[vc_row type=&#8221;vc_default&#8221;][vc_column css=&#8221;.vc_custom_1498229431694{padding-bottom: 50px !important;}&#8221;]<div id=\"ultimate-heading-851669e499f40c831\" class=\"uvc-heading ult-adjust-bottom-margin ultimate-heading-851669e499f40c831 uvc-6668 \" data-hspacer=\"no_spacer\"  data-halign=\"left\" style=\"text-align:left\"><div class=\"uvc-heading-spacer no_spacer\" style=\"top\"><\/div><div class=\"uvc-main-heading ult-responsive\"  data-ultimate-target='.uvc-heading.ultimate-heading-851669e499f40c831 h2'  data-responsive-json-new='{\"font-size\":\"desktop:26px;\",\"line-height\":\"desktop:32px;\"}' ><h2 style=\"font-weight:bold;margin-bottom:20px;\">hydroBANK - A flat, lightweight rainwater tank<\/h2><\/div><\/div>[vc_column_text]hydroBANKS for rainwater are an excellent alternative to buried tanks. Compared to the latter, above-ground hydroBANKS do not require any permits for their installation, thus their installation does not involve excavation of the ground with heavy equipment and destruction of the property.<\/p>\n<p>They also do not pose a risk of damage to possible underground installations.<\/p>\n<p>The assembly of the hydroBANK itself is an extremely simple and short process. It can be placed anywhere on the plot, hidden behind the building, under the veranda or in any other less visible place.<\/p>\n<p>[\/vc_column_text][vc_empty_space][vc_single_image image=&#8221;2495&#8243; img_size=&#8221;full&#8221;][\/vc_column][vc_column css=&#8221;.vc_custom_1498229445232{padding-bottom: 50px !important;}&#8221;]<div id=\"ultimate-heading-727769e499f40c8a9\" class=\"uvc-heading ult-adjust-bottom-margin ultimate-heading-727769e499f40c8a9 uvc-6386 \" data-hspacer=\"no_spacer\"  data-halign=\"left\" style=\"text-align:left\"><div class=\"uvc-heading-spacer no_spacer\" style=\"top\"><\/div><div class=\"uvc-main-heading ult-responsive\"  data-ultimate-target='.uvc-heading.ultimate-heading-727769e499f40c8a9 h2'  data-responsive-json-new='{\"font-size\":\"desktop:26px;\",\"line-height\":\"desktop:32px;\"}' ><h2 style=\"font-weight:bold;margin-bottom:20px;\">Application of hydroBANKS<\/h2><\/div><\/div>[vc_empty_space height=&#8221;12px&#8221;]<div class=\"smile_icon_list_wrap ult_info_list_container ult-adjust-bottom-margin   vc_custom_1602859390195\"><ul class=\"smile_icon_list left hexagon\"><li class=\"icon_list_item\" style=\" font-size:60px;\"><div class=\"icon_list_icon\" data-animation=\"\" data-animation-delay=\"03\" style=\"font-size:20px;background:#74c7e9;color:#ffffff;border-color:#74c7e9;\"><i class=\"icomoon-the7-font-the7-home-00\" ><\/i><\/div><div class=\"icon_description\" id=\"Info-list-wrap-6834\" style=\"font-size:20px;\"><h3 class=\"ult-responsive info-list-heading\"  data-ultimate-target='#Info-list-wrap-6834 h3'  data-responsive-json-new='{\"font-size\":\"desktop:16px;\",\"line-height\":\"desktop:22px;\"}'  style=\"font-family:&#039;Open Sans Condensed&#039;;font-weight:700;\">Houses and holiday cottages<\/h3><div class=\"icon_description_text ult-responsive\"  data-ultimate-target='#Info-list-wrap-6834 .icon_description_text'  data-responsive-json-new='{\"font-size\":\"desktop:12px;\",\"line-height\":\"desktop:20px;\"}'  style=\"\"><p>Possibility of using the 80% subsidy of the government program &#8220;My Water&#8221; when buying.<\/p>\n<\/div><\/div><div class=\"icon_list_connector\"  style=\"border-right-width: 1px;border-right-style: dashed;border-color: #74c7e9;\"><\/div><\/li><li class=\"icon_list_item\" style=\" font-size:60px;\"><div class=\"icon_list_icon\" data-animation=\"\" data-animation-delay=\"03\" style=\"font-size:20px;background:#74c7e9;color:#ffffff;border-color:#74c7e9;\"><i class=\"fas fa-car\" ><\/i><\/div><div class=\"icon_description\" id=\"Info-list-wrap-1051\" style=\"font-size:20px;\"><h3 class=\"ult-responsive info-list-heading\"  data-ultimate-target='#Info-list-wrap-1051 h3'  data-responsive-json-new='{\"font-size\":\"desktop:16px;\",\"line-height\":\"desktop:22px;\"}'  style=\"font-family:&#039;Open Sans Condensed&#039;;font-weight:700;\">Garages and sheds<\/h3><div class=\"icon_description_text ult-responsive\"  data-ultimate-target='#Info-list-wrap-1051 .icon_description_text'  data-responsive-json-new='{\"font-size\":\"desktop:12px;\",\"line-height\":\"desktop:20px;\"}'  style=\"\"><p>Easy to carry and place the tank anywhere so that it is not visible to the eyes.<\/p>\n<\/div><\/div><div class=\"icon_list_connector\"  style=\"border-right-width: 1px;border-right-style: dashed;border-color: #74c7e9;\"><\/div><\/li><li class=\"icon_list_item\" style=\" font-size:60px;\"><div class=\"icon_list_icon\" data-animation=\"\" data-animation-delay=\"03\" style=\"font-size:20px;background:#74c7e9;color:#ffffff;border-color:#74c7e9;\"><i class=\"icomoon-icomoonfree-16x16-office\" ><\/i><\/div><div class=\"icon_description\" id=\"Info-list-wrap-7923\" style=\"font-size:20px;\"><h3 class=\"ult-responsive info-list-heading\"  data-ultimate-target='#Info-list-wrap-7923 h3'  data-responsive-json-new='{\"font-size\":\"desktop:16px;\",\"line-height\":\"desktop:22px;\"}'  style=\"font-family:&#039;Open Sans Condensed&#039;;font-weight:700;\">Industrial halls<\/h3><div class=\"icon_description_text ult-responsive\"  data-ultimate-target='#Info-list-wrap-7923 .icon_description_text'  data-responsive-json-new='{\"font-size\":\"desktop:12px;\",\"line-height\":\"desktop:20px;\"}'  style=\"\"><p>Possibility of collecting huge amounts of free water for use later in the company&#8217;s operations.<\/p>\n<\/div><\/div><div class=\"icon_list_connector\"  style=\"border-right-width: 1px;border-right-style: dashed;border-color: #74c7e9;\"><\/div><\/li><li class=\"icon_list_item\" style=\" font-size:60px;\"><div class=\"icon_list_icon\" data-animation=\"\" data-animation-delay=\"03\" style=\"font-size:20px;background:#74c7e9;color:#ffffff;border-color:#74c7e9;\"><i class=\"fas fa-building\" ><\/i><\/div><div class=\"icon_description\" id=\"Info-list-wrap-5044\" style=\"font-size:20px;\"><h3 class=\"ult-responsive info-list-heading\"  data-ultimate-target='#Info-list-wrap-5044 h3'  data-responsive-json-new='{\"font-size\":\"desktop:16px;\",\"line-height\":\"desktop:22px;\"}'  style=\"font-family:&#039;Open Sans Condensed&#039;;font-weight:700;\">Company buildings<\/h3><div class=\"icon_description_text ult-responsive\"  data-ultimate-target='#Info-list-wrap-5044 .icon_description_text'  data-responsive-json-new='{\"font-size\":\"desktop:12px;\",\"line-height\":\"desktop:20px;\"}'  style=\"\"><p>Collecting free water from the roof to be used later for fire protection of buildings.<\/p>\n<\/div><\/div><div class=\"icon_list_connector\"  style=\"border-right-width: 1px;border-right-style: dashed;border-color: #74c7e9;\"><\/div><\/li><li class=\"icon_list_item\" style=\" font-size:60px;\"><div class=\"icon_list_icon\" data-animation=\"\" data-animation-delay=\"03\" style=\"font-size:20px;background:#74c7e9;color:#ffffff;border-color:#74c7e9;\"><i class=\"fas fa-leaf\" ><\/i><\/div><div class=\"icon_description\" id=\"Info-list-wrap-7545\" style=\"font-size:20px;\"><h3 class=\"ult-responsive info-list-heading\"  data-ultimate-target='#Info-list-wrap-7545 h3'  data-responsive-json-new='{\"font-size\":\"desktop:16px;\",\"line-height\":\"desktop:22px;\"}'  style=\"font-family:&#039;Open Sans Condensed&#039;;font-weight:700;\">Greenhouses<\/h3><div class=\"icon_description_text ult-responsive\"  data-ultimate-target='#Info-list-wrap-7545 .icon_description_text'  data-responsive-json-new='{\"font-size\":\"desktop:12px;\",\"line-height\":\"desktop:20px;\"}'  style=\"\"><p>Rainwater harvesting from the greenhouse surface, which will later be used to water our plantations or to prepare fertilizer solutions.<\/p>\n<\/div><\/div><div class=\"icon_list_connector\"  style=\"border-right-width: 1px;border-right-style: dashed;border-color: #74c7e9;\"><\/div><\/li><\/ul><\/div>[vc_empty_space height=&#8221;52px&#8221;][vc_separator][\/vc_column][vc_column offset=&#8221;vc_col-lg-12 vc_col-md-12 vc_col-xs-12&#8243;]<div id=\"ultimate-heading-864469e499f40cc8c\" class=\"uvc-heading ult-adjust-bottom-margin ultimate-heading-864469e499f40cc8c uvc-5062 \" data-hspacer=\"no_spacer\"  data-halign=\"left\" style=\"text-align:left\"><div class=\"uvc-heading-spacer no_spacer\" style=\"top\"><\/div><div class=\"uvc-main-heading ult-responsive\"  data-ultimate-target='.uvc-heading.ultimate-heading-864469e499f40cc8c h2'  data-responsive-json-new='{\"font-size\":\"desktop:26px;\",\"line-height\":\"desktop:32px;\"}' ><h2 style=\"font-weight:bold;margin-bottom:20px;\">Types of hydroBANKS<\/h2><\/div><\/div>[vc_empty_space height=&#8221;12px&#8221;][vc_column_text]<\/p>\n<table>\n<tbody>\n<tr>\n<td> <strong> Product name <\/strong> <\/td>\n<td><strong> Capacity<\/strong> <\/td>\n<td><strong> Dimensions<\/strong> <\/td>\n<td><strong>Weight<\/strong> <\/td>\n<\/tr>\n<tr>\n<td> hydroBANK-2500 <\/td>\n<td> 2500 liters (2.5 m3) <\/td>\n<td> 200 x 150 cm <\/td>\n<td> 16 kg <\/td>\n<\/tr>\n<tr>\n<td> hydroBANK-5000 <\/td>\n<td> 5000 liters (5 m3) <\/td>\n<td> 400 x 300 cm <\/td>\n<td> 28 kg <\/td>\n<\/tr>\n<tr>\n<td> hydroBANK-10000 <\/td>\n<td> 10,000 liters (10 m3) <\/td>\n<td> 700 x 300 cm <\/td>\n<td> 53 kg <\/td>\n<\/tr>\n<\/tbody>\n<\/table>\n<p>[\/vc_column_text][vc_empty_space height=&#8221;52px&#8221;]<div id=\"ultimate-heading-742069e499f40cccc\" class=\"uvc-heading ult-adjust-bottom-margin ultimate-heading-742069e499f40cccc uvc-7570 \" data-hspacer=\"no_spacer\"  data-halign=\"left\" style=\"text-align:left\"><div class=\"uvc-heading-spacer no_spacer\" style=\"top\"><\/div><div class=\"uvc-main-heading ult-responsive\"  data-ultimate-target='.uvc-heading.ultimate-heading-742069e499f40cccc h2'  data-responsive-json-new='{\"font-size\":\"desktop:26px;\",\"line-height\":\"desktop:32px;\"}' ><h2 style=\"font-weight:bold;margin-bottom:20px;\">Characteristics of hydroBANKS<\/h2><\/div><\/div>[vc_empty_space height=&#8221;12px&#8221;][vc_column_text css=&#8221;.vc_custom_1602749933111{border-bottom-width: 1px !important;padding-bottom: 12px !important;border-bottom-color: rgba(51,51,51,0.12) !important;border-bottom-style: solid !important;}&#8221; el_class=&#8221;color-title&#8221;]<\/p>\n<p class = \"color-title\" style = \"text-align: left; padding-right: 50px;\"> <strong> Welding technology <\/strong> <\/p>\n<p class = \"paint-accent-color\" style = \"text-align: right; margin-top: -33px;\"> <strong> HF (High Frequency) <\/strong> <\/p>\n<p>[\/vc_column_text][vc_column_text css=&#8221;.vc_custom_1602749954235{border-bottom-width: 1px !important;padding-top: 12px !important;padding-bottom: 12px !important;border-bottom-color: rgba(51,51,51,0.12) !important;border-bottom-style: solid !important;}&#8221; el_class=&#8221;color-title&#8221;]<\/p>\n<p class = \"color-title\" style = \"text-align: left; padding-right: 50px;\"> <strong> Warranty <\/strong> <\/p>\n<p class = \"paint-accent-color\" style = \"text-align: right; margin-top: -33px;\"> <strong> 30 years <\/strong> <\/p>\n<p>[\/vc_column_text][vc_column_text css=&#8221;.vc_custom_1603368906047{border-bottom-width: 1px !important;padding-top: 12px !important;padding-bottom: 12px !important;border-bottom-color: rgba(51,51,51,0.12) !important;border-bottom-style: solid !important;}&#8221; el_class=&#8221;color-title&#8221;]<\/p>\n<p class = \"color-title\" style = \"text-align: left; padding-right: 50px;\"> <strong> Thermal Resistance <\/strong> <\/p>\n<p class = \"paint-accent-color\" style = \"text-align: right; margin-top: -33px;\"> <strong> from -30 \u00b0 C to +70 \u00b0 C <\/strong> <\/p>\n<p>[\/vc_column_text][vc_column_text css=&#8221;.vc_custom_1603364891436{border-bottom-width: 1px !important;padding-top: 12px !important;padding-bottom: 12px !important;border-bottom-color: rgba(51,51,51,0.12) !important;border-bottom-style: solid !important;}&#8221; el_class=&#8221;color-title&#8221;]<\/p>\n<p class = \"color-title\" style = \"text-align: left; padding-right: 50px;\"> <strong> Tank colors <\/strong> <\/p>\n<p class = \"paint-accent-color\" style = \"text-align: right; margin-top: -33px;\"> <strong> Green, beige, blue<br \/>\n<\/strong> <\/p>\n<p>[\/vc_column_text][vc_column_text css=&#8221;.vc_custom_1602752789518{border-bottom-width: 1px !important;padding-top: 12px !important;padding-bottom: 12px !important;border-bottom-color: rgba(51,51,51,0.12) !important;border-bottom-style: solid !important;}&#8221; el_class=&#8221;color-title&#8221;]<\/p>\n<p class = \"color-title\" style = \"text-align: left; padding-right: 50px;\"> <strong> Certificates <\/strong> <\/p>\n<p class = \"paint-accent-color\" style = \"text-align: right; margin-top: -33px;\"> <strong> Yes <\/strong> <\/p>\n<p>[\/vc_column_text][vc_column_text css=&#8221;.vc_custom_1602750992568{border-bottom-width: 1px !important;padding-top: 12px !important;padding-bottom: 12px !important;border-bottom-color: rgba(51,51,51,0.12) !important;border-bottom-style: solid !important;}&#8221; el_class=&#8221;color-title&#8221;]<\/p>\n<p class = \"color-title\" style = \"text-align: left; padding-right: 50px;\"> <strong> Fittings and Valves <\/strong> <\/p>\n<p class = \"paint-accent-color\" style = \"text-align: right; margin-top: -33px;\"> <strong> Included <\/strong> <\/p>\n<p>[\/vc_column_text][vc_column_text css=&#8221;.vc_custom_1602752886567{border-bottom-width: 1px !important;padding-top: 12px !important;padding-bottom: 12px !important;border-bottom-color: rgba(51,51,51,0.12) !important;border-bottom-style: solid !important;}&#8221; el_class=&#8221;color-title&#8221;]<\/p>\n<p class = \"color-title\" style = \"text-align: left; padding-right: 50px;\"> <strong> Ability to combine tanks <\/strong> <\/p>\n<p class = \"paint-accent-color\" style = \"text-align: right; margin-top: -33px;\"> <strong> Yes <\/strong> <\/p>\n<p>[\/vc_column_text][vc_column_text css=&#8221;.vc_custom_1602750056486{padding-top: 12px !important;}&#8221; el_class=&#8221;color-title&#8221;]<\/p>\n<p class = \"color-title\" style = \"text-align: left; padding-right: 50px;\"> <strong> Country of production <\/strong> <\/p>\n<p class = \"paint-accent-color\" style = \"text-align: right; margin-top: -33px;\"> <strong> Poland <\/strong> <\/p>\n<p>[\/vc_column_text][vc_empty_space height=&#8221;52px&#8221;][vc_single_image image=&#8221;2480&#8243; img_size=&#8221;full&#8221; alignment=&#8221;center&#8221;][\/vc_column][\/vc_row]<\/p>\n","protected":false},"excerpt":{"rendered":"<p>[vc_row type=&#8221;vc_default&#8221;][vc_column css=&#8221;.vc_custom_1498229431694{padding-bottom: 50px !important;}&#8221;][vc_column_text]hydroBANKS for rainwater are an excellent alternative to buried tanks. Compared to the latter, above-ground hydroBANKS do not require any permits for their installation, thus their installation does not involve excavation of the ground with heavy equipment and destruction of the property. They also do not pose a risk of damage&hellip;<\/p>\n","protected":false},"author":1,"featured_media":0,"parent":2473,"menu_order":100,"comment_status":"closed","ping_status":"closed","template":"","meta":{"footnotes":""},"class_list":["post-2478","page","type-page","status-publish","hentry","description-off"],"yoast_head":"<!-- This site is optimized with the Yoast SEO plugin v25.8 - https:\/\/yoast.com\/wordpress\/plugins\/seo\/ -->\n<title>RAIN WATER - hydroBANK \u2013 elastyczne zbiorniki na wod\u0119 | PPHU AGATA od 1986<\/title>\n<meta name=\"robots\" content=\"index, follow, max-snippet:-1, max-image-preview:large, max-video-preview:-1\" \/>\n<link rel=\"canonical\" href=\"https:\/\/hydrobank.eu\/en\/fileds-of-use\/rain-water\/\" \/>\n<meta property=\"og:locale\" content=\"en_US\" \/>\n<meta property=\"og:type\" content=\"article\" \/>\n<meta property=\"og:title\" content=\"RAIN WATER - hydroBANK \u2013 elastyczne zbiorniki na wod\u0119 | PPHU AGATA od 1986\" \/>\n<meta property=\"og:description\" content=\"[vc_row type=&#8221;vc_default&#8221;][vc_column css=&#8221;.vc_custom_1498229431694{padding-bottom: 50px !important;}&#8221;][vc_column_text]hydroBANKS for rainwater are an excellent alternative to buried tanks. Compared to the latter, above-ground hydroBANKS do not require any permits for their installation, thus their installation does not involve excavation of the ground with heavy equipment and destruction of the property. They also do not pose a risk of damage&hellip;\" \/>\n<meta property=\"og:url\" content=\"https:\/\/hydrobank.eu\/en\/fileds-of-use\/rain-water\/\" \/>\n<meta property=\"og:site_name\" content=\"hydroBANK \u2013 elastyczne zbiorniki na wod\u0119 | PPHU AGATA od 1986\" \/>\n<meta property=\"article:modified_time\" content=\"2020-12-21T09:06:34+00:00\" \/>\n<meta name=\"twitter:card\" content=\"summary_large_image\" \/>\n<meta name=\"twitter:label1\" content=\"Est. reading time\" \/>\n\t<meta name=\"twitter:data1\" content=\"5 minutes\" \/>\n<script type=\"application\/ld+json\" class=\"yoast-schema-graph\">{\"@context\":\"https:\/\/schema.org\",\"@graph\":[{\"@type\":\"WebPage\",\"@id\":\"https:\/\/hydrobank.eu\/en\/fileds-of-use\/rain-water\/\",\"url\":\"https:\/\/hydrobank.eu\/en\/fileds-of-use\/rain-water\/\",\"name\":\"RAIN WATER - hydroBANK \u2013 elastyczne zbiorniki na wod\u0119 | PPHU AGATA od 1986\",\"isPartOf\":{\"@id\":\"https:\/\/hydrobank.eu\/en\/#website\"},\"datePublished\":\"2020-12-14T14:34:39+00:00\",\"dateModified\":\"2020-12-21T09:06:34+00:00\",\"breadcrumb\":{\"@id\":\"https:\/\/hydrobank.eu\/en\/fileds-of-use\/rain-water\/#breadcrumb\"},\"inLanguage\":\"en-US\",\"potentialAction\":[{\"@type\":\"ReadAction\",\"target\":[\"https:\/\/hydrobank.eu\/en\/fileds-of-use\/rain-water\/\"]}]},{\"@type\":\"BreadcrumbList\",\"@id\":\"https:\/\/hydrobank.eu\/en\/fileds-of-use\/rain-water\/#breadcrumb\",\"itemListElement\":[{\"@type\":\"ListItem\",\"position\":1,\"name\":\"Strona g\u0142\u00f3wna\",\"item\":\"https:\/\/hydrobank.eu\/en\/home\/\"},{\"@type\":\"ListItem\",\"position\":2,\"name\":\"FILEDS OF USE\",\"item\":\"https:\/\/hydrobank.eu\/en\/fileds-of-use\/\"},{\"@type\":\"ListItem\",\"position\":3,\"name\":\"RAIN WATER\"}]},{\"@type\":\"WebSite\",\"@id\":\"https:\/\/hydrobank.eu\/en\/#website\",\"url\":\"https:\/\/hydrobank.eu\/en\/\",\"name\":\"Zbiorniki na wod\u0119 pitn\u0105\",\"description\":\"AGATA - Polski producent zbiornik\u00f3w na wod\u0119.\",\"publisher\":{\"@id\":\"https:\/\/hydrobank.eu\/en\/#organization\"},\"potentialAction\":[{\"@type\":\"SearchAction\",\"target\":{\"@type\":\"EntryPoint\",\"urlTemplate\":\"https:\/\/hydrobank.eu\/en\/?s={search_term_string}\"},\"query-input\":{\"@type\":\"PropertyValueSpecification\",\"valueRequired\":true,\"valueName\":\"search_term_string\"}}],\"inLanguage\":\"en-US\"},{\"@type\":\"Organization\",\"@id\":\"https:\/\/hydrobank.eu\/en\/#organization\",\"name\":\"AGATA\",\"url\":\"https:\/\/hydrobank.eu\/en\/\",\"logo\":{\"@type\":\"ImageObject\",\"inLanguage\":\"en-US\",\"@id\":\"https:\/\/hydrobank.eu\/en\/#\/schema\/logo\/image\/\",\"url\":\"https:\/\/hydrobank.eu\/wp-content\/uploads\/2020\/10\/logo-hydrobank-00.png\",\"contentUrl\":\"https:\/\/hydrobank.eu\/wp-content\/uploads\/2020\/10\/logo-hydrobank-00.png\",\"width\":192,\"height\":81,\"caption\":\"AGATA\"},\"image\":{\"@id\":\"https:\/\/hydrobank.eu\/en\/#\/schema\/logo\/image\/\"}}]}<\/script>\n<!-- \/ Yoast SEO plugin. -->","yoast_head_json":{"title":"RAIN WATER - hydroBANK \u2013 elastyczne zbiorniki na wod\u0119 | PPHU AGATA od 1986","robots":{"index":"index","follow":"follow","max-snippet":"max-snippet:-1","max-image-preview":"max-image-preview:large","max-video-preview":"max-video-preview:-1"},"canonical":"https:\/\/hydrobank.eu\/en\/fileds-of-use\/rain-water\/","og_locale":"en_US","og_type":"article","og_title":"RAIN WATER - hydroBANK \u2013 elastyczne zbiorniki na wod\u0119 | PPHU AGATA od 1986","og_description":"[vc_row type=&#8221;vc_default&#8221;][vc_column css=&#8221;.vc_custom_1498229431694{padding-bottom: 50px !important;}&#8221;][vc_column_text]hydroBANKS for rainwater are an excellent alternative to buried tanks. Compared to the latter, above-ground hydroBANKS do not require any permits for their installation, thus their installation does not involve excavation of the ground with heavy equipment and destruction of the property. They also do not pose a risk of damage&hellip;","og_url":"https:\/\/hydrobank.eu\/en\/fileds-of-use\/rain-water\/","og_site_name":"hydroBANK \u2013 elastyczne zbiorniki na wod\u0119 | PPHU AGATA od 1986","article_modified_time":"2020-12-21T09:06:34+00:00","twitter_card":"summary_large_image","twitter_misc":{"Est. reading time":"5 minutes"},"schema":{"@context":"https:\/\/schema.org","@graph":[{"@type":"WebPage","@id":"https:\/\/hydrobank.eu\/en\/fileds-of-use\/rain-water\/","url":"https:\/\/hydrobank.eu\/en\/fileds-of-use\/rain-water\/","name":"RAIN WATER - hydroBANK \u2013 elastyczne zbiorniki na wod\u0119 | PPHU AGATA od 1986","isPartOf":{"@id":"https:\/\/hydrobank.eu\/en\/#website"},"datePublished":"2020-12-14T14:34:39+00:00","dateModified":"2020-12-21T09:06:34+00:00","breadcrumb":{"@id":"https:\/\/hydrobank.eu\/en\/fileds-of-use\/rain-water\/#breadcrumb"},"inLanguage":"en-US","potentialAction":[{"@type":"ReadAction","target":["https:\/\/hydrobank.eu\/en\/fileds-of-use\/rain-water\/"]}]},{"@type":"BreadcrumbList","@id":"https:\/\/hydrobank.eu\/en\/fileds-of-use\/rain-water\/#breadcrumb","itemListElement":[{"@type":"ListItem","position":1,"name":"Strona g\u0142\u00f3wna","item":"https:\/\/hydrobank.eu\/en\/home\/"},{"@type":"ListItem","position":2,"name":"FILEDS OF USE","item":"https:\/\/hydrobank.eu\/en\/fileds-of-use\/"},{"@type":"ListItem","position":3,"name":"RAIN WATER"}]},{"@type":"WebSite","@id":"https:\/\/hydrobank.eu\/en\/#website","url":"https:\/\/hydrobank.eu\/en\/","name":"Zbiorniki na wod\u0119 pitn\u0105","description":"AGATA - Polski producent zbiornik\u00f3w na wod\u0119.","publisher":{"@id":"https:\/\/hydrobank.eu\/en\/#organization"},"potentialAction":[{"@type":"SearchAction","target":{"@type":"EntryPoint","urlTemplate":"https:\/\/hydrobank.eu\/en\/?s={search_term_string}"},"query-input":{"@type":"PropertyValueSpecification","valueRequired":true,"valueName":"search_term_string"}}],"inLanguage":"en-US"},{"@type":"Organization","@id":"https:\/\/hydrobank.eu\/en\/#organization","name":"AGATA","url":"https:\/\/hydrobank.eu\/en\/","logo":{"@type":"ImageObject","inLanguage":"en-US","@id":"https:\/\/hydrobank.eu\/en\/#\/schema\/logo\/image\/","url":"https:\/\/hydrobank.eu\/wp-content\/uploads\/2020\/10\/logo-hydrobank-00.png","contentUrl":"https:\/\/hydrobank.eu\/wp-content\/uploads\/2020\/10\/logo-hydrobank-00.png","width":192,"height":81,"caption":"AGATA"},"image":{"@id":"https:\/\/hydrobank.eu\/en\/#\/schema\/logo\/image\/"}}]}},"_links":{"self":[{"href":"https:\/\/hydrobank.eu\/en\/wp-json\/wp\/v2\/pages\/2478","targetHints":{"allow":["GET"]}}],"collection":[{"href":"https:\/\/hydrobank.eu\/en\/wp-json\/wp\/v2\/pages"}],"about":[{"href":"https:\/\/hydrobank.eu\/en\/wp-json\/wp\/v2\/types\/page"}],"author":[{"embeddable":true,"href":"https:\/\/hydrobank.eu\/en\/wp-json\/wp\/v2\/users\/1"}],"replies":[{"embeddable":true,"href":"https:\/\/hydrobank.eu\/en\/wp-json\/wp\/v2\/comments?post=2478"}],"version-history":[{"count":5,"href":"https:\/\/hydrobank.eu\/en\/wp-json\/wp\/v2\/pages\/2478\/revisions"}],"predecessor-version":[{"id":2639,"href":"https:\/\/hydrobank.eu\/en\/wp-json\/wp\/v2\/pages\/2478\/revisions\/2639"}],"up":[{"embeddable":true,"href":"https:\/\/hydrobank.eu\/en\/wp-json\/wp\/v2\/pages\/2473"}],"wp:attachment":[{"href":"https:\/\/hydrobank.eu\/en\/wp-json\/wp\/v2\/media?parent=2478"}],"curies":[{"name":"wp","href":"https:\/\/api.w.org\/{rel}","templated":true}]}}