{"id":2482,"date":"2020-12-14T15:35:32","date_gmt":"2020-12-14T14:35:32","guid":{"rendered":"https:\/\/hydrobank.eu\/fileds-of-use\/fire-fighting\/"},"modified":"2020-12-21T10:10:16","modified_gmt":"2020-12-21T09:10:16","slug":"fire-fighting","status":"publish","type":"page","link":"https:\/\/hydrobank.eu\/en\/fileds-of-use\/fire-fighting\/","title":{"rendered":"FIRE FIGHTING"},"content":{"rendered":"<p>[vc_row type=&#8221;vc_default&#8221;][vc_column css=&#8221;.vc_custom_1498229431694{padding-bottom: 50px !important;}&#8221;]<div id=\"ultimate-heading-191769fc5a6428134\" class=\"uvc-heading ult-adjust-bottom-margin ultimate-heading-191769fc5a6428134 uvc-2320 \" data-hspacer=\"no_spacer\"  data-halign=\"left\" style=\"text-align:left\"><div class=\"uvc-heading-spacer no_spacer\" style=\"top\"><\/div><div class=\"uvc-main-heading ult-responsive\"  data-ultimate-target='.uvc-heading.ultimate-heading-191769fc5a6428134 h2'  data-responsive-json-new='{\"font-size\":\"desktop:26px;\",\"line-height\":\"desktop:32px;\"}' ><h2 style=\"font-weight:bold;margin-bottom:20px;\">hydroBANK - Flexible fire tanks<\/h2><\/div><\/div>[vc_column_text]HydroBANKS are an innovative and easy way to collect large amounts of water for firefighting purposes, especially in places with limited or no access to hydrants and ponds.<\/p>\n<p>These flexible, lightweight tanks significantly reduce the costs of mandatory provision of extinguishing water for firefighters. According to the regulations, they replace expensive investments in digging fire ponds or building water abstraction installations.<\/p>\n<p>Additionally, in hydroBANKS we can collect water from roofs, thanks to which extinguishing water is completely free.[\/vc_column_text][vc_empty_space][vc_single_image image=&#8221;2495&#8243; img_size=&#8221;full&#8221;][\/vc_column][vc_column css=&#8221;.vc_custom_1498229445232{padding-bottom: 50px !important;}&#8221;]<div id=\"ultimate-heading-772169fc5a64281ba\" class=\"uvc-heading ult-adjust-bottom-margin ultimate-heading-772169fc5a64281ba uvc-9258 \" data-hspacer=\"no_spacer\"  data-halign=\"left\" style=\"text-align:left\"><div class=\"uvc-heading-spacer no_spacer\" style=\"top\"><\/div><div class=\"uvc-main-heading ult-responsive\"  data-ultimate-target='.uvc-heading.ultimate-heading-772169fc5a64281ba h2'  data-responsive-json-new='{\"font-size\":\"desktop:26px;\",\"line-height\":\"desktop:32px;\"}' ><h2 style=\"font-weight:bold;margin-bottom:20px;\">Applications of hydroBANKS<\/h2><\/div><\/div>[vc_empty_space height=&#8221;12px&#8221;]<div class=\"smile_icon_list_wrap ult_info_list_container ult-adjust-bottom-margin   vc_custom_1602859433305\"><ul class=\"smile_icon_list left hexagon\"><li class=\"icon_list_item\" style=\" font-size:60px;\"><div class=\"icon_list_icon\" data-animation=\"\" data-animation-delay=\"03\" style=\"font-size:20px;background:#74c7e9;color:#ffffff;border-color:#74c7e9;\"><i class=\"icomoon-the7-font-the7-home-00\" ><\/i><\/div><div class=\"icon_description\" id=\"Info-list-wrap-7807\" style=\"font-size:20px;\"><h3 class=\"ult-responsive info-list-heading\"  data-ultimate-target='#Info-list-wrap-7807 h3'  data-responsive-json-new='{\"font-size\":\"desktop:16px;\",\"line-height\":\"desktop:22px;\"}'  style=\"font-family:&#039;Open Sans Condensed&#039;;font-weight:700;\">Fire-fighting tanks at the facilities<\/h3><div class=\"icon_description_text ult-responsive\"  data-ultimate-target='#Info-list-wrap-7807 .icon_description_text'  data-responsive-json-new='{\"font-size\":\"desktop:12px;\",\"line-height\":\"desktop:20px;\"}'  style=\"\"><p>Storing water to protect against possible fire.<\/p>\n<\/div><\/div><div class=\"icon_list_connector\"  style=\"border-right-width: 1px;border-right-style: dashed;border-color: #74c7e9;\"><\/div><\/li><li class=\"icon_list_item\" style=\" font-size:60px;\"><div class=\"icon_list_icon\" data-animation=\"\" data-animation-delay=\"03\" style=\"font-size:20px;background:#74c7e9;color:#ffffff;border-color:#74c7e9;\"><i class=\"fas fa-fire-extinguisher\" ><\/i><\/div><div class=\"icon_description\" id=\"Info-list-wrap-1284\" style=\"font-size:20px;\"><h3 class=\"ult-responsive info-list-heading\"  data-ultimate-target='#Info-list-wrap-1284 h3'  data-responsive-json-new='{\"font-size\":\"desktop:16px;\",\"line-height\":\"desktop:22px;\"}'  style=\"font-family:&#039;Open Sans Condensed&#039;;font-weight:700;\">Collection of extinguishing substances<\/h3><div class=\"icon_description_text ult-responsive\"  data-ultimate-target='#Info-list-wrap-1284 .icon_description_text'  data-responsive-json-new='{\"font-size\":\"desktop:12px;\",\"line-height\":\"desktop:20px;\"}'  style=\"\"><p>The use of hydroBANKS as storage for foam and other auxiliary substances.<\/p>\n<\/div><\/div><div class=\"icon_list_connector\"  style=\"border-right-width: 1px;border-right-style: dashed;border-color: #74c7e9;\"><\/div><\/li><li class=\"icon_list_item\" style=\" font-size:60px;\"><div class=\"icon_list_icon\" data-animation=\"\" data-animation-delay=\"03\" style=\"font-size:20px;background:#74c7e9;color:#ffffff;border-color:#74c7e9;\"><i class=\"fas fa-sync\" ><\/i><\/div><div class=\"icon_description\" id=\"Info-list-wrap-8453\" style=\"font-size:20px;\"><h3 class=\"ult-responsive info-list-heading\"  data-ultimate-target='#Info-list-wrap-8453 h3'  data-responsive-json-new='{\"font-size\":\"desktop:16px;\",\"line-height\":\"desktop:22px;\"}'  style=\"font-family:&#039;Open Sans Condensed&#039;;font-weight:700;\">Water buffering<\/h3><div class=\"icon_description_text ult-responsive\"  data-ultimate-target='#Info-list-wrap-8453 .icon_description_text'  data-responsive-json-new='{\"font-size\":\"desktop:12px;\",\"line-height\":\"desktop:20px;\"}'  style=\"\"><p>Water transfer points for hard-to-reach places or for better organization of water collection.<\/p>\n<\/div><\/div><div class=\"icon_list_connector\"  style=\"border-right-width: 1px;border-right-style: dashed;border-color: #74c7e9;\"><\/div><\/li><li class=\"icon_list_item\" style=\" font-size:60px;\"><div class=\"icon_list_icon\" data-animation=\"\" data-animation-delay=\"03\" style=\"font-size:20px;background:#74c7e9;color:#ffffff;border-color:#74c7e9;\"><i class=\"fas fa-water\" ><\/i><\/div><div class=\"icon_description\" id=\"Info-list-wrap-3236\" style=\"font-size:20px;\"><h3 class=\"ult-responsive info-list-heading\"  data-ultimate-target='#Info-list-wrap-3236 h3'  data-responsive-json-new='{\"font-size\":\"desktop:16px;\",\"line-height\":\"desktop:22px;\"}'  style=\"font-family:&#039;Open Sans Condensed&#039;;font-weight:700;\">Water transport<\/h3><div class=\"icon_description_text ult-responsive\"  data-ultimate-target='#Info-list-wrap-3236 .icon_description_text'  data-responsive-json-new='{\"font-size\":\"desktop:12px;\",\"line-height\":\"desktop:20px;\"}'  style=\"\"><p>hydroBANKS can be successfully used to transport water (also for drinking) on various types of vehicles or trailers.<\/p>\n<\/div><\/div><div class=\"icon_list_connector\"  style=\"border-right-width: 1px;border-right-style: dashed;border-color: #74c7e9;\"><\/div><\/li><li class=\"icon_list_item\" style=\" font-size:60px;\"><div class=\"icon_list_icon\" data-animation=\"\" data-animation-delay=\"03\" style=\"font-size:20px;background:#74c7e9;color:#ffffff;border-color:#74c7e9;\"><i class=\"icomoon-icomoonfree-16x16-fire\" ><\/i><\/div><div class=\"icon_description\" id=\"Info-list-wrap-1242\" style=\"font-size:20px;\"><h3 class=\"ult-responsive info-list-heading\"  data-ultimate-target='#Info-list-wrap-1242 h3'  data-responsive-json-new='{\"font-size\":\"desktop:16px;\",\"line-height\":\"desktop:22px;\"}'  style=\"font-family:&#039;Open Sans Condensed&#039;;font-weight:700;\">Protection of hazardous substances<\/h3><div class=\"icon_description_text ult-responsive\"  data-ultimate-target='#Info-list-wrap-1242 .icon_description_text'  data-responsive-json-new='{\"font-size\":\"desktop:12px;\",\"line-height\":\"desktop:20px;\"}'  style=\"\"><p>Collection of various types of leakages of dangerous substances during crisis situations or unexpected breakdowns.<\/p>\n<\/div><\/div><div class=\"icon_list_connector\"  style=\"border-right-width: 1px;border-right-style: dashed;border-color: #74c7e9;\"><\/div><\/li><\/ul><\/div>[vc_empty_space height=&#8221;52px&#8221;][vc_separator][\/vc_column][vc_column offset=&#8221;vc_col-lg-12 vc_col-md-12 vc_col-xs-12&#8243;]<div id=\"ultimate-heading-674869fc5a64285cb\" class=\"uvc-heading ult-adjust-bottom-margin ultimate-heading-674869fc5a64285cb uvc-3385 \" data-hspacer=\"no_spacer\"  data-halign=\"left\" style=\"text-align:left\"><div class=\"uvc-heading-spacer no_spacer\" style=\"top\"><\/div><div class=\"uvc-main-heading ult-responsive\"  data-ultimate-target='.uvc-heading.ultimate-heading-674869fc5a64285cb h2'  data-responsive-json-new='{\"font-size\":\"desktop:26px;\",\"line-height\":\"desktop:32px;\"}' ><h2 style=\"font-weight:bold;margin-bottom:20px;\">Types of hydroBANKS<\/h2><\/div><\/div>[vc_empty_space height=&#8221;12px&#8221;][vc_column_text]<\/p>\n<table>\n<tbody>\n<tr>\n<td> <strong> Product name <\/strong> <\/td>\n<td><strong> Capacity<\/strong> <\/td>\n<td><strong> Dimensions<\/strong> <\/td>\n<td><strong>Weight<\/strong> <\/td>\n<\/tr>\n<tr>\n<td> hydroBANK-2500 <\/td>\n<td> 2500 liters (2.5 m3) <\/td>\n<td> 200 x 150 cm <\/td>\n<td> 16 kg <\/td>\n<\/tr>\n<tr>\n<td> hydroBANK-5000 <\/td>\n<td> 5000 liters (5 m3) <\/td>\n<td> 400 x 300 cm <\/td>\n<td> 28 kg <\/td>\n<\/tr>\n<tr>\n<td> hydroBANK-10000 <\/td>\n<td> 10,000 liters (10 m3) <\/td>\n<td> 700 x 300 cm <\/td>\n<td> 53 kg <\/td>\n<\/tr>\n<\/tbody>\n<\/table>\n<p>[\/vc_column_text][vc_empty_space height=&#8221;52px&#8221;]<div id=\"ultimate-heading-935469fc5a642860c\" class=\"uvc-heading ult-adjust-bottom-margin ultimate-heading-935469fc5a642860c uvc-6314 \" data-hspacer=\"no_spacer\"  data-halign=\"left\" style=\"text-align:left\"><div class=\"uvc-heading-spacer no_spacer\" style=\"top\"><\/div><div class=\"uvc-main-heading ult-responsive\"  data-ultimate-target='.uvc-heading.ultimate-heading-935469fc5a642860c h2'  data-responsive-json-new='{\"font-size\":\"desktop:26px;\",\"line-height\":\"desktop:32px;\"}' ><h2 style=\"font-weight:bold;margin-bottom:20px;\">Characteristics of hydroBANKS<\/h2><\/div><\/div>[vc_empty_space height=&#8221;12px&#8221;][vc_column_text css=&#8221;.vc_custom_1602749933111{border-bottom-width: 1px !important;padding-bottom: 12px !important;border-bottom-color: rgba(51,51,51,0.12) !important;border-bottom-style: solid !important;}&#8221; el_class=&#8221;color-title&#8221;]<\/p>\n<p class = \"color-title\" style = \"text-align: left; padding-right: 50px;\"> <strong> Welding technology <\/strong> <\/p>\n<p class = \"paint-accent-color\" style = \"text-align: right; margin-top: -33px;\"> <strong> HF (High Frequency) <\/strong> <\/p>\n<p>[\/vc_column_text][vc_column_text css=&#8221;.vc_custom_1602749954235{border-bottom-width: 1px !important;padding-top: 12px !important;padding-bottom: 12px !important;border-bottom-color: rgba(51,51,51,0.12) !important;border-bottom-style: solid !important;}&#8221; el_class=&#8221;color-title&#8221;]<\/p>\n<p class = \"color-title\" style = \"text-align: left; padding-right: 50px;\"> <strong> Warranty <\/strong> <\/p>\n<p class = \"paint-accent-color\" style = \"text-align: right; margin-top: -33px;\"> <strong> 30 years <\/strong> <\/p>\n<p>[\/vc_column_text][vc_column_text css=&#8221;.vc_custom_1603368947918{border-bottom-width: 1px !important;padding-top: 12px !important;padding-bottom: 12px !important;border-bottom-color: rgba(51,51,51,0.12) !important;border-bottom-style: solid !important;}&#8221; el_class=&#8221;color-title&#8221;]<\/p>\n<p class = \"color-title\" style = \"text-align: left; padding-right: 50px;\"> <strong> Thermal Resistance <\/strong> <\/p>\n<p class = \"paint-accent-color\" style = \"text-align: right; margin-top: -33px;\"> <strong> from -30 \u00b0 C to +70 \u00b0 C <\/strong> <\/p>\n<p>[\/vc_column_text][vc_column_text css=&#8221;.vc_custom_1603365618514{border-bottom-width: 1px !important;padding-top: 12px !important;padding-bottom: 12px !important;border-bottom-color: rgba(51,51,51,0.12) !important;border-bottom-style: solid !important;}&#8221; el_class=&#8221;color-title&#8221;]<\/p>\n<p class = \"color-title\" style = \"text-align: left; padding-right: 50px;\"> <strong> Available colors <\/strong> <\/p>\n<p class = \"paint-accent-color\" style = \"text-align: right; margin-top: -33px;\"> <strong> Blue, beige<br \/>\n<\/strong> <\/p>\n<p>[\/vc_column_text][vc_column_text css=&#8221;.vc_custom_1602752789518{border-bottom-width: 1px !important;padding-top: 12px !important;padding-bottom: 12px !important;border-bottom-color: rgba(51,51,51,0.12) !important;border-bottom-style: solid !important;}&#8221; el_class=&#8221;color-title&#8221;]<\/p>\n<p class = \"color-title\" style = \"text-align: left; padding-right: 50px;\"> <strong> Certificates <\/strong> <\/p>\n<p class = \"paint-accent-color\" style = \"text-align: right; margin-top: -33px;\"> <strong> Yes <\/strong> <\/p>\n<p>[\/vc_column_text][vc_column_text css=&#8221;.vc_custom_1602750992568{border-bottom-width: 1px !important;padding-top: 12px !important;padding-bottom: 12px !important;border-bottom-color: rgba(51,51,51,0.12) !important;border-bottom-style: solid !important;}&#8221; el_class=&#8221;color-title&#8221;]<\/p>\n<p class = \"color-title\" style = \"text-align: left; padding-right: 50px;\"> <strong> Fittings and Valves <\/strong> <\/p>\n<p class = \"paint-accent-color\" style = \"text-align: right; margin-top: -33px;\"> <strong> Included <\/strong> <\/p>\n<p>[\/vc_column_text][vc_column_text css=&#8221;.vc_custom_1602752886567{border-bottom-width: 1px !important;padding-top: 12px !important;padding-bottom: 12px !important;border-bottom-color: rgba(51,51,51,0.12) !important;border-bottom-style: solid !important;}&#8221; el_class=&#8221;color-title&#8221;]<\/p>\n<p class = \"color-title\" style = \"text-align: left; padding-right: 50px;\"> <strong> Ability to combine tanks <\/strong> <\/p>\n<p class = \"paint-accent-color\" style = \"text-align: right; margin-top: -33px;\"> <strong> Yes <\/strong> <\/p>\n<p>[\/vc_column_text][vc_column_text css=&#8221;.vc_custom_1602750056486{padding-top: 12px !important;}&#8221; el_class=&#8221;color-title&#8221;]<\/p>\n<p class = \"color-title\" style = \"text-align: left; padding-right: 50px;\"> <strong> Country of production <\/strong> <\/p>\n<p class = \"paint-accent-color\" style = \"text-align: right; margin-top: -33px;\"> <strong> Poland <\/strong> <\/p>\n<p>[\/vc_column_text][vc_empty_space height=&#8221;52px&#8221;][vc_single_image image=&#8221;2480&#8243; img_size=&#8221;full&#8221; alignment=&#8221;center&#8221;][\/vc_column][\/vc_row]<\/p>\n","protected":false},"excerpt":{"rendered":"<p>[vc_row type=&#8221;vc_default&#8221;][vc_column css=&#8221;.vc_custom_1498229431694{padding-bottom: 50px !important;}&#8221;][vc_column_text]HydroBANKS are an innovative and easy way to collect large amounts of water for firefighting purposes, especially in places with limited or no access to hydrants and ponds. These flexible, lightweight tanks significantly reduce the costs of mandatory provision of extinguishing water for firefighters. According to the regulations, they replace expensive&hellip;<\/p>\n","protected":false},"author":1,"featured_media":0,"parent":2473,"menu_order":100,"comment_status":"closed","ping_status":"closed","template":"","meta":{"footnotes":""},"class_list":["post-2482","page","type-page","status-publish","hentry","description-off"],"yoast_head":"<!-- This site is optimized with the Yoast SEO plugin v25.8 - https:\/\/yoast.com\/wordpress\/plugins\/seo\/ -->\n<title>FIRE FIGHTING - hydroBANK \u2013 elastyczne zbiorniki na wod\u0119 | PPHU AGATA od 1986<\/title>\n<meta name=\"robots\" content=\"index, follow, max-snippet:-1, max-image-preview:large, max-video-preview:-1\" \/>\n<link rel=\"canonical\" href=\"https:\/\/hydrobank.eu\/en\/fileds-of-use\/fire-fighting\/\" \/>\n<meta property=\"og:locale\" content=\"en_US\" \/>\n<meta property=\"og:type\" content=\"article\" \/>\n<meta property=\"og:title\" content=\"FIRE FIGHTING - hydroBANK \u2013 elastyczne zbiorniki na wod\u0119 | PPHU AGATA od 1986\" \/>\n<meta property=\"og:description\" content=\"[vc_row type=&#8221;vc_default&#8221;][vc_column css=&#8221;.vc_custom_1498229431694{padding-bottom: 50px !important;}&#8221;][vc_column_text]HydroBANKS are an innovative and easy way to collect large amounts of water for firefighting purposes, especially in places with limited or no access to hydrants and ponds. These flexible, lightweight tanks significantly reduce the costs of mandatory provision of extinguishing water for firefighters. According to the regulations, they replace expensive&hellip;\" \/>\n<meta property=\"og:url\" content=\"https:\/\/hydrobank.eu\/en\/fileds-of-use\/fire-fighting\/\" \/>\n<meta property=\"og:site_name\" content=\"hydroBANK \u2013 elastyczne zbiorniki na wod\u0119 | PPHU AGATA od 1986\" \/>\n<meta property=\"article:modified_time\" content=\"2020-12-21T09:10:16+00:00\" \/>\n<meta name=\"twitter:card\" content=\"summary_large_image\" \/>\n<meta name=\"twitter:label1\" content=\"Est. reading time\" \/>\n\t<meta name=\"twitter:data1\" content=\"5 minutes\" \/>\n<script type=\"application\/ld+json\" class=\"yoast-schema-graph\">{\"@context\":\"https:\/\/schema.org\",\"@graph\":[{\"@type\":\"WebPage\",\"@id\":\"https:\/\/hydrobank.eu\/en\/fileds-of-use\/fire-fighting\/\",\"url\":\"https:\/\/hydrobank.eu\/en\/fileds-of-use\/fire-fighting\/\",\"name\":\"FIRE FIGHTING - hydroBANK \u2013 elastyczne zbiorniki na wod\u0119 | PPHU AGATA od 1986\",\"isPartOf\":{\"@id\":\"https:\/\/hydrobank.eu\/en\/#website\"},\"datePublished\":\"2020-12-14T14:35:32+00:00\",\"dateModified\":\"2020-12-21T09:10:16+00:00\",\"breadcrumb\":{\"@id\":\"https:\/\/hydrobank.eu\/en\/fileds-of-use\/fire-fighting\/#breadcrumb\"},\"inLanguage\":\"en-US\",\"potentialAction\":[{\"@type\":\"ReadAction\",\"target\":[\"https:\/\/hydrobank.eu\/en\/fileds-of-use\/fire-fighting\/\"]}]},{\"@type\":\"BreadcrumbList\",\"@id\":\"https:\/\/hydrobank.eu\/en\/fileds-of-use\/fire-fighting\/#breadcrumb\",\"itemListElement\":[{\"@type\":\"ListItem\",\"position\":1,\"name\":\"Strona g\u0142\u00f3wna\",\"item\":\"https:\/\/hydrobank.eu\/en\/home\/\"},{\"@type\":\"ListItem\",\"position\":2,\"name\":\"FILEDS OF USE\",\"item\":\"https:\/\/hydrobank.eu\/en\/fileds-of-use\/\"},{\"@type\":\"ListItem\",\"position\":3,\"name\":\"FIRE FIGHTING\"}]},{\"@type\":\"WebSite\",\"@id\":\"https:\/\/hydrobank.eu\/en\/#website\",\"url\":\"https:\/\/hydrobank.eu\/en\/\",\"name\":\"Zbiorniki na wod\u0119 pitn\u0105\",\"description\":\"AGATA - Polski producent zbiornik\u00f3w na wod\u0119.\",\"publisher\":{\"@id\":\"https:\/\/hydrobank.eu\/en\/#organization\"},\"potentialAction\":[{\"@type\":\"SearchAction\",\"target\":{\"@type\":\"EntryPoint\",\"urlTemplate\":\"https:\/\/hydrobank.eu\/en\/?s={search_term_string}\"},\"query-input\":{\"@type\":\"PropertyValueSpecification\",\"valueRequired\":true,\"valueName\":\"search_term_string\"}}],\"inLanguage\":\"en-US\"},{\"@type\":\"Organization\",\"@id\":\"https:\/\/hydrobank.eu\/en\/#organization\",\"name\":\"AGATA\",\"url\":\"https:\/\/hydrobank.eu\/en\/\",\"logo\":{\"@type\":\"ImageObject\",\"inLanguage\":\"en-US\",\"@id\":\"https:\/\/hydrobank.eu\/en\/#\/schema\/logo\/image\/\",\"url\":\"https:\/\/hydrobank.eu\/wp-content\/uploads\/2020\/10\/logo-hydrobank-00.png\",\"contentUrl\":\"https:\/\/hydrobank.eu\/wp-content\/uploads\/2020\/10\/logo-hydrobank-00.png\",\"width\":192,\"height\":81,\"caption\":\"AGATA\"},\"image\":{\"@id\":\"https:\/\/hydrobank.eu\/en\/#\/schema\/logo\/image\/\"}}]}<\/script>\n<!-- \/ Yoast SEO plugin. -->","yoast_head_json":{"title":"FIRE FIGHTING - hydroBANK \u2013 elastyczne zbiorniki na wod\u0119 | PPHU AGATA od 1986","robots":{"index":"index","follow":"follow","max-snippet":"max-snippet:-1","max-image-preview":"max-image-preview:large","max-video-preview":"max-video-preview:-1"},"canonical":"https:\/\/hydrobank.eu\/en\/fileds-of-use\/fire-fighting\/","og_locale":"en_US","og_type":"article","og_title":"FIRE FIGHTING - hydroBANK \u2013 elastyczne zbiorniki na wod\u0119 | PPHU AGATA od 1986","og_description":"[vc_row type=&#8221;vc_default&#8221;][vc_column css=&#8221;.vc_custom_1498229431694{padding-bottom: 50px !important;}&#8221;][vc_column_text]HydroBANKS are an innovative and easy way to collect large amounts of water for firefighting purposes, especially in places with limited or no access to hydrants and ponds. These flexible, lightweight tanks significantly reduce the costs of mandatory provision of extinguishing water for firefighters. According to the regulations, they replace expensive&hellip;","og_url":"https:\/\/hydrobank.eu\/en\/fileds-of-use\/fire-fighting\/","og_site_name":"hydroBANK \u2013 elastyczne zbiorniki na wod\u0119 | PPHU AGATA od 1986","article_modified_time":"2020-12-21T09:10:16+00:00","twitter_card":"summary_large_image","twitter_misc":{"Est. reading time":"5 minutes"},"schema":{"@context":"https:\/\/schema.org","@graph":[{"@type":"WebPage","@id":"https:\/\/hydrobank.eu\/en\/fileds-of-use\/fire-fighting\/","url":"https:\/\/hydrobank.eu\/en\/fileds-of-use\/fire-fighting\/","name":"FIRE FIGHTING - hydroBANK \u2013 elastyczne zbiorniki na wod\u0119 | PPHU AGATA od 1986","isPartOf":{"@id":"https:\/\/hydrobank.eu\/en\/#website"},"datePublished":"2020-12-14T14:35:32+00:00","dateModified":"2020-12-21T09:10:16+00:00","breadcrumb":{"@id":"https:\/\/hydrobank.eu\/en\/fileds-of-use\/fire-fighting\/#breadcrumb"},"inLanguage":"en-US","potentialAction":[{"@type":"ReadAction","target":["https:\/\/hydrobank.eu\/en\/fileds-of-use\/fire-fighting\/"]}]},{"@type":"BreadcrumbList","@id":"https:\/\/hydrobank.eu\/en\/fileds-of-use\/fire-fighting\/#breadcrumb","itemListElement":[{"@type":"ListItem","position":1,"name":"Strona g\u0142\u00f3wna","item":"https:\/\/hydrobank.eu\/en\/home\/"},{"@type":"ListItem","position":2,"name":"FILEDS OF USE","item":"https:\/\/hydrobank.eu\/en\/fileds-of-use\/"},{"@type":"ListItem","position":3,"name":"FIRE FIGHTING"}]},{"@type":"WebSite","@id":"https:\/\/hydrobank.eu\/en\/#website","url":"https:\/\/hydrobank.eu\/en\/","name":"Zbiorniki na wod\u0119 pitn\u0105","description":"AGATA - Polski producent zbiornik\u00f3w na wod\u0119.","publisher":{"@id":"https:\/\/hydrobank.eu\/en\/#organization"},"potentialAction":[{"@type":"SearchAction","target":{"@type":"EntryPoint","urlTemplate":"https:\/\/hydrobank.eu\/en\/?s={search_term_string}"},"query-input":{"@type":"PropertyValueSpecification","valueRequired":true,"valueName":"search_term_string"}}],"inLanguage":"en-US"},{"@type":"Organization","@id":"https:\/\/hydrobank.eu\/en\/#organization","name":"AGATA","url":"https:\/\/hydrobank.eu\/en\/","logo":{"@type":"ImageObject","inLanguage":"en-US","@id":"https:\/\/hydrobank.eu\/en\/#\/schema\/logo\/image\/","url":"https:\/\/hydrobank.eu\/wp-content\/uploads\/2020\/10\/logo-hydrobank-00.png","contentUrl":"https:\/\/hydrobank.eu\/wp-content\/uploads\/2020\/10\/logo-hydrobank-00.png","width":192,"height":81,"caption":"AGATA"},"image":{"@id":"https:\/\/hydrobank.eu\/en\/#\/schema\/logo\/image\/"}}]}},"_links":{"self":[{"href":"https:\/\/hydrobank.eu\/en\/wp-json\/wp\/v2\/pages\/2482","targetHints":{"allow":["GET"]}}],"collection":[{"href":"https:\/\/hydrobank.eu\/en\/wp-json\/wp\/v2\/pages"}],"about":[{"href":"https:\/\/hydrobank.eu\/en\/wp-json\/wp\/v2\/types\/page"}],"author":[{"embeddable":true,"href":"https:\/\/hydrobank.eu\/en\/wp-json\/wp\/v2\/users\/1"}],"replies":[{"embeddable":true,"href":"https:\/\/hydrobank.eu\/en\/wp-json\/wp\/v2\/comments?post=2482"}],"version-history":[{"count":6,"href":"https:\/\/hydrobank.eu\/en\/wp-json\/wp\/v2\/pages\/2482\/revisions"}],"predecessor-version":[{"id":2643,"href":"https:\/\/hydrobank.eu\/en\/wp-json\/wp\/v2\/pages\/2482\/revisions\/2643"}],"up":[{"embeddable":true,"href":"https:\/\/hydrobank.eu\/en\/wp-json\/wp\/v2\/pages\/2473"}],"wp:attachment":[{"href":"https:\/\/hydrobank.eu\/en\/wp-json\/wp\/v2\/media?parent=2482"}],"curies":[{"name":"wp","href":"https:\/\/api.w.org\/{rel}","templated":true}]}}