{"id":2493,"date":"2020-12-14T15:38:38","date_gmt":"2020-12-14T14:38:38","guid":{"rendered":"https:\/\/hydrobank.eu\/fileds-of-use\/woda-socjalno-bytowa\/"},"modified":"2020-12-17T14:29:04","modified_gmt":"2020-12-17T13:29:04","slug":"woda-socjalno-bytowa","status":"publish","type":"page","link":"https:\/\/hydrobank.eu\/en\/fileds-of-use\/woda-socjalno-bytowa\/","title":{"rendered":"DRINK WATER"},"content":{"rendered":"<p>[vc_row type=&#8221;vc_default&#8221;][vc_column css=&#8221;.vc_custom_1498229431694{padding-bottom: 50px !important;}&#8221;]<div id=\"ultimate-heading-802169e35a035738e\" class=\"uvc-heading ult-adjust-bottom-margin ultimate-heading-802169e35a035738e uvc-9445 \" data-hspacer=\"no_spacer\"  data-halign=\"left\" style=\"text-align:left\"><div class=\"uvc-heading-spacer no_spacer\" style=\"top\"><\/div><div class=\"uvc-main-heading ult-responsive\"  data-ultimate-target='.uvc-heading.ultimate-heading-802169e35a035738e h2'  data-responsive-json-new='{\"font-size\":\"desktop:26px;\",\"line-height\":\"desktop:32px;\"}' ><h2 style=\"font-weight:bold;margin-bottom:20px;\">hydroBANK - Flexible tank for drinking and sanitary water<\/h2><\/div><\/div>[vc_column_text]In our company, we produce hydroBANKS, which are perfect for the distribution and storage of drinking water and for other sanitary purposes, such as washing hands and body, washing dishes and for food purposes.<\/p>\n<p>Our hydroBANKS are welded from very durable, dedicated materials that have all possible certificates allowing them to be used for social and living purposes.<\/p>\n<p>An important advantage of hydroBANKS is the odorless form of water storage. The water also retains its taste, without the aftertaste of plasticizers used in the production of traditional plastic tanks.[\/vc_column_text][vc_empty_space][vc_single_image image=&#8221;2495&#8243; img_size=&#8221;full&#8221;][\/vc_column][vc_column css=&#8221;.vc_custom_1498229445232{padding-bottom: 50px !important;}&#8221;]<div id=\"ultimate-heading-373769e35a035742b\" class=\"uvc-heading ult-adjust-bottom-margin ultimate-heading-373769e35a035742b uvc-2454 \" data-hspacer=\"no_spacer\"  data-halign=\"left\" style=\"text-align:left\"><div class=\"uvc-heading-spacer no_spacer\" style=\"top\"><\/div><div class=\"uvc-main-heading ult-responsive\"  data-ultimate-target='.uvc-heading.ultimate-heading-373769e35a035742b h2'  data-responsive-json-new='{\"font-size\":\"desktop:26px;\",\"line-height\":\"desktop:32px;\"}' ><h2 style=\"font-weight:bold;margin-bottom:20px;\">Application of hydroBANKS<\/h2><\/div><\/div>[vc_empty_space height=&#8221;12px&#8221;]<div class=\"smile_icon_list_wrap ult_info_list_container ult-adjust-bottom-margin   vc_custom_1602859571036\"><ul class=\"smile_icon_list left hexagon\"><li class=\"icon_list_item\" style=\" font-size:60px;\"><div class=\"icon_list_icon\" data-animation=\"\" data-animation-delay=\"03\" style=\"font-size:20px;background:#74c7e9;color:#ffffff;border-color:#74c7e9;\"><i class=\"icomoon-the7-font-the7-home-00\" ><\/i><\/div><div class=\"icon_description\" id=\"Info-list-wrap-5421\" style=\"font-size:20px;\"><h3 class=\"ult-responsive info-list-heading\"  data-ultimate-target='#Info-list-wrap-5421 h3'  data-responsive-json-new='{\"font-size\":\"desktop:16px;\",\"line-height\":\"desktop:22px;\"}'  style=\"font-family:&#039;Open Sans Condensed&#039;;font-weight:700;\">Houses and holiday cottages<\/h3><div class=\"icon_description_text ult-responsive\"  data-ultimate-target='#Info-list-wrap-5421 .icon_description_text'  data-responsive-json-new='{\"font-size\":\"desktop:12px;\",\"line-height\":\"desktop:20px;\"}'  style=\"\"><p>Used as main or auxiliary tanks. The possibility of collecting water for drinking and sanitary purposes.<\/p>\n<\/div><\/div><div class=\"icon_list_connector\"  style=\"border-right-width: 1px;border-right-style: dashed;border-color: #74c7e9;\"><\/div><\/li><li class=\"icon_list_item\" style=\" font-size:60px;\"><div class=\"icon_list_icon\" data-animation=\"\" data-animation-delay=\"03\" style=\"font-size:20px;background:#74c7e9;color:#ffffff;border-color:#74c7e9;\"><i class=\"icomoon-icomoonfree-16x16-music\" ><\/i><\/div><div class=\"icon_description\" id=\"Info-list-wrap-2837\" style=\"font-size:20px;\"><h3 class=\"ult-responsive info-list-heading\"  data-ultimate-target='#Info-list-wrap-2837 h3'  data-responsive-json-new='{\"font-size\":\"desktop:16px;\",\"line-height\":\"desktop:22px;\"}'  style=\"font-family:&#039;Open Sans Condensed&#039;;font-weight:700;\">Outdoor events<\/h3><div class=\"icon_description_text ult-responsive\"  data-ultimate-target='#Info-list-wrap-2837 .icon_description_text'  data-responsive-json-new='{\"font-size\":\"desktop:12px;\",\"line-height\":\"desktop:20px;\"}'  style=\"\"><p>Used as sanitary tanks during concerts and other outdoor events.<\/p>\n<\/div><\/div><div class=\"icon_list_connector\"  style=\"border-right-width: 1px;border-right-style: dashed;border-color: #74c7e9;\"><\/div><\/li><li class=\"icon_list_item\" style=\" font-size:60px;\"><div class=\"icon_list_icon\" data-animation=\"\" data-animation-delay=\"03\" style=\"font-size:20px;background:#74c7e9;color:#ffffff;border-color:#74c7e9;\"><i class=\"fas fa-hand-holding-water\" ><\/i><\/div><div class=\"icon_description\" id=\"Info-list-wrap-6217\" style=\"font-size:20px;\"><h3 class=\"ult-responsive info-list-heading\"  data-ultimate-target='#Info-list-wrap-6217 h3'  data-responsive-json-new='{\"font-size\":\"desktop:16px;\",\"line-height\":\"desktop:22px;\"}'  style=\"font-family:&#039;Open Sans Condensed&#039;;font-weight:700;\">Crisis situations<\/h3><div class=\"icon_description_text ult-responsive\"  data-ultimate-target='#Info-list-wrap-6217 .icon_description_text'  data-responsive-json-new='{\"font-size\":\"desktop:12px;\",\"line-height\":\"desktop:20px;\"}'  style=\"\"><p>Used for the transport and distribution of drinking water in the event of failure or infection of water networks, floods, etc.<\/p>\n<\/div><\/div><div class=\"icon_list_connector\"  style=\"border-right-width: 1px;border-right-style: dashed;border-color: #74c7e9;\"><\/div><\/li><li class=\"icon_list_item\" style=\" font-size:60px;\"><div class=\"icon_list_icon\" data-animation=\"\" data-animation-delay=\"03\" style=\"font-size:20px;background:#74c7e9;color:#ffffff;border-color:#74c7e9;\"><i class=\"dt-icon-the7-misc-018\" ><\/i><\/div><div class=\"icon_description\" id=\"Info-list-wrap-3881\" style=\"font-size:20px;\"><h3 class=\"ult-responsive info-list-heading\"  data-ultimate-target='#Info-list-wrap-3881 h3'  data-responsive-json-new='{\"font-size\":\"desktop:16px;\",\"line-height\":\"desktop:22px;\"}'  style=\"font-family:&#039;Open Sans Condensed&#039;;font-weight:700;\">Food outlets<\/h3><div class=\"icon_description_text ult-responsive\"  data-ultimate-target='#Info-list-wrap-3881 .icon_description_text'  data-responsive-json-new='{\"font-size\":\"desktop:12px;\",\"line-height\":\"desktop:20px;\"}'  style=\"\"><p>Used as tanks with clean water, which can be used e.g. for cooking food.<\/p>\n<\/div><\/div><div class=\"icon_list_connector\"  style=\"border-right-width: 1px;border-right-style: dashed;border-color: #74c7e9;\"><\/div><\/li><li class=\"icon_list_item\" style=\" font-size:60px;\"><div class=\"icon_list_icon\" data-animation=\"\" data-animation-delay=\"03\" style=\"font-size:20px;background:#74c7e9;color:#ffffff;border-color:#74c7e9;\"><i class=\"fas fa-glass-martini-alt\" ><\/i><\/div><div class=\"icon_description\" id=\"Info-list-wrap-7023\" style=\"font-size:20px;\"><h3 class=\"ult-responsive info-list-heading\"  data-ultimate-target='#Info-list-wrap-7023 h3'  data-responsive-json-new='{\"font-size\":\"desktop:16px;\",\"line-height\":\"desktop:22px;\"}'  style=\"font-family:&#039;Open Sans Condensed&#039;;font-weight:700;\">Storage of alcohols, juices and oils<\/h3><div class=\"icon_description_text ult-responsive\"  data-ultimate-target='#Info-list-wrap-7023 .icon_description_text'  data-responsive-json-new='{\"font-size\":\"desktop:12px;\",\"line-height\":\"desktop:20px;\"}'  style=\"\"><p>Used as main or additional warehouses for storing food substances.<\/p>\n<\/div><\/div><div class=\"icon_list_connector\"  style=\"border-right-width: 1px;border-right-style: dashed;border-color: #74c7e9;\"><\/div><\/li><li class=\"icon_list_item\" style=\" font-size:60px;\"><div class=\"icon_list_icon\" data-animation=\"\" data-animation-delay=\"03\" style=\"font-size:20px;background:#74c7e9;color:#ffffff;border-color:#74c7e9;\"><i class=\"icomoon-icomoonfree-16x16-sun\" ><\/i><\/div><div class=\"icon_description\" id=\"Info-list-wrap-9915\" style=\"font-size:20px;\"><h3 class=\"ult-responsive info-list-heading\"  data-ultimate-target='#Info-list-wrap-9915 h3'  data-responsive-json-new='{\"font-size\":\"desktop:16px;\",\"line-height\":\"desktop:22px;\"}'  style=\"font-family:&#039;Open Sans Condensed&#039;;font-weight:700;\">Yachts and campers<\/h3><div class=\"icon_description_text ult-responsive\"  data-ultimate-target='#Info-list-wrap-9915 .icon_description_text'  data-responsive-json-new='{\"font-size\":\"desktop:12px;\",\"line-height\":\"desktop:20px;\"}'  style=\"\"><p>The smaller form of tanks will also fit successfully in the spaces of vehicles and yachts while traveling.<\/p>\n<\/div><\/div><div class=\"icon_list_connector\"  style=\"border-right-width: 1px;border-right-style: dashed;border-color: #74c7e9;\"><\/div><\/li><\/ul><\/div>[vc_empty_space height=&#8221;52px&#8221;][vc_separator][\/vc_column][vc_column offset=&#8221;vc_col-lg-12 vc_col-md-12 vc_col-xs-12&#8243;]<div id=\"ultimate-heading-318069e35a0357934\" class=\"uvc-heading ult-adjust-bottom-margin ultimate-heading-318069e35a0357934 uvc-1375 \" data-hspacer=\"no_spacer\"  data-halign=\"left\" style=\"text-align:left\"><div class=\"uvc-heading-spacer no_spacer\" style=\"top\"><\/div><div class=\"uvc-main-heading ult-responsive\"  data-ultimate-target='.uvc-heading.ultimate-heading-318069e35a0357934 h2'  data-responsive-json-new='{\"font-size\":\"desktop:26px;\",\"line-height\":\"desktop:32px;\"}' ><h2 style=\"font-weight:bold;margin-bottom:20px;\">Types of hydroBANKS<\/h2><\/div><\/div>[vc_empty_space height=&#8221;12px&#8221;][vc_column_text]<\/p>\n<h4 style = \"text-align: left;\"> DRINKING WATER <\/h4>\n<table>\n<tbody>\n<tr>\n<td> <strong> Product name <\/strong> <\/td>\n<td><strong> Capacity<\/strong> <\/td>\n<td><strong> Dimensions<\/strong> <\/td>\n<td><strong>Weight<\/strong> <\/td>\n<\/tr>\n<tr>\n<td> hydroBANK-50D <\/td>\n<td> 50 liters (0.5 m3) <\/td>\n<td> 60 x 20 cm <\/td>\n<td> 2 kg <\/td>\n<\/tr>\n<tr>\n<td> hydroBANK-100D <\/td>\n<td> 100 liters (0.1 m3) <\/td>\n<td> 80 x 30 cm <\/td>\n<td> 4 kg <\/td>\n<\/tr>\n<tr>\n<td> hydroBANK-1250D <\/td>\n<td> 1,250 liters (1.25 m3) <\/td>\n<td> 200 x 150 cm <\/td>\n<td> 13 kg <\/td>\n<\/tr>\n<tr>\n<td> hydroBANK-2500D <\/td>\n<td> 2500 liters (2.5 m3) <\/td>\n<td> 400 x 200 cm <\/td>\n<td> 16 kg <\/td>\n<\/tr>\n<tr>\n<td> hydroBANK-5000D <\/td>\n<td> 5000 liters (5 m3) <\/td>\n<td> 600 x 200 cm <\/td>\n<td> 32 kg <\/td>\n<\/tr>\n<\/tbody>\n<\/table>\n<p>[\/vc_column_text][vc_empty_space][vc_column_text]<\/p>\n<h4 style = \"text-align: left;\"> SANITARY WATER <\/h4>\n<table>\n<tbody>\n<tr>\n<td> <strong> Product name <\/strong> <\/td>\n<td><strong> Capacity<\/strong> <\/td>\n<td><strong> Dimensions<\/strong> <\/td>\n<td><strong>Weight<\/strong> <\/td>\n<\/tr>\n<tr>\n<td> hydroBANK-2500 <\/td>\n<td> 2500 liters (2.5 m3) <\/td>\n<td> 200 x 150 cm <\/td>\n<td> 16 kg <\/td>\n<\/tr>\n<tr>\n<td> hydroBANK-5000 <\/td>\n<td> 5000 liters (5 m3) <\/td>\n<td> 400 x 300 cm <\/td>\n<td> 28 kg <\/td>\n<\/tr>\n<tr>\n<td> hydroBANK-10000 <\/td>\n<td> 10,000 liters (10 m3) <\/td>\n<td> 700 x 300 cm <\/td>\n<td> 53 kg <\/td>\n<\/tr>\n<\/tbody>\n<\/table>\n<p>[\/vc_column_text][vc_empty_space height=&#8221;52px&#8221;]<div id=\"ultimate-heading-245469e35a0357975\" class=\"uvc-heading ult-adjust-bottom-margin ultimate-heading-245469e35a0357975 uvc-1865 \" data-hspacer=\"no_spacer\"  data-halign=\"left\" style=\"text-align:left\"><div class=\"uvc-heading-spacer no_spacer\" style=\"top\"><\/div><div class=\"uvc-main-heading ult-responsive\"  data-ultimate-target='.uvc-heading.ultimate-heading-245469e35a0357975 h2'  data-responsive-json-new='{\"font-size\":\"desktop:26px;\",\"line-height\":\"desktop:32px;\"}' ><h2 style=\"font-weight:bold;margin-bottom:20px;\">Characteristics of hydroBANKS<\/h2><\/div><\/div>[vc_empty_space height=&#8221;12px&#8221;][vc_column_text css=&#8221;.vc_custom_1602749933111{border-bottom-width: 1px !important;padding-bottom: 12px !important;border-bottom-color: rgba(51,51,51,0.12) !important;border-bottom-style: solid !important;}&#8221; el_class=&#8221;color-title&#8221;]<\/p>\n<p class = \"color-title\" style = \"text-align: left; padding-right: 50px;\"> <strong> Sealing technology <\/strong> <\/p>\n<p class = \"paint-accent-color\" style = \"text-align: right; margin-top: -33px;\"> <strong> HF (High Frequency) <\/strong> <\/p>\n<p>[\/vc_column_text][vc_column_text css=&#8221;.vc_custom_1602749954235{border-bottom-width: 1px !important;padding-top: 12px !important;padding-bottom: 12px !important;border-bottom-color: rgba(51,51,51,0.12) !important;border-bottom-style: solid !important;}&#8221; el_class=&#8221;color-title&#8221;]<\/p>\n<p class = \"color-title\" style = \"text-align: left; padding-right: 50px;\"> <strong> Warranty <\/strong> <\/p>\n<p class = \"paint-accent-color\" style = \"text-align: right; margin-top: -33px;\"> <strong> 30 years <\/strong> <\/p>\n<p>[\/vc_column_text][vc_column_text css=&#8221;.vc_custom_1603888921244{border-bottom-width: 1px !important;padding-top: 12px !important;padding-bottom: 12px !important;border-bottom-color: rgba(51,51,51,0.12) !important;border-bottom-style: solid !important;}&#8221; el_class=&#8221;color-title&#8221;]<\/p>\n<p class = \"color-title\" style = \"text-align: left; padding-right: 50px;\"> <strong> Available colors <\/strong> <\/p>\n<p class = \"paint-accent-color\" style = \"text-align: right; margin-top: -33px;\"> <strong> Blue, Beige <\/strong> <\/p>\n<p>[\/vc_column_text][vc_column_text css=&#8221;.vc_custom_1603369230327{border-bottom-width: 1px !important;padding-top: 12px !important;padding-bottom: 12px !important;border-bottom-color: rgba(51,51,51,0.12) !important;border-bottom-style: solid !important;}&#8221; el_class=&#8221;color-title&#8221;]<\/p>\n<p class = \"color-title\" style = \"text-align: left; padding-right: 50px;\"> <strong> Thermal Resistance <\/strong> <\/p>\n<p class = \"paint-accent-color\" style = \"text-align: right; margin-top: -33px;\"> <strong> from -30 \u00b0 C to +70 \u00b0 C <\/strong> <\/p>\n<p>[\/vc_column_text][vc_column_text css=&#8221;.vc_custom_1602751418201{border-bottom-width: 1px !important;padding-top: 12px !important;padding-bottom: 12px !important;border-bottom-color: rgba(51,51,51,0.12) !important;border-bottom-style: solid !important;}&#8221; el_class=&#8221;color-title&#8221;]<\/p>\n<p class = \"color-title\" style = \"text-align: left; padding-right: 50px;\"> <strong> Drinking Water Certifications <\/strong> <\/p>\n<p class = \"paint-accent-color\" style = \"text-align: right; margin-top: -33px;\"> <strong> Yes <\/strong> <\/p>\n<p>[\/vc_column_text][vc_column_text css=&#8221;.vc_custom_1602750992568{border-bottom-width: 1px !important;padding-top: 12px !important;padding-bottom: 12px !important;border-bottom-color: rgba(51,51,51,0.12) !important;border-bottom-style: solid !important;}&#8221; el_class=&#8221;color-title&#8221;]<\/p>\n<p class = \"color-title\" style = \"text-align: left; padding-right: 50px;\"> <strong> Fittings and Valves <\/strong> <\/p>\n<p class = \"paint-accent-color\" style = \"text-align: right; margin-top: -33px;\"> <strong> Included <\/strong> <\/p>\n<p>[\/vc_column_text][vc_column_text css=&#8221;.vc_custom_1602752979788{border-bottom-width: 1px !important;padding-top: 12px !important;padding-bottom: 12px !important;border-bottom-color: rgba(51,51,51,0.12) !important;border-bottom-style: solid !important;}&#8221; el_class=&#8221;color-title&#8221;]<\/p>\n<p class = \"color-title\" style = \"text-align: left; padding-right: 50px;\"> <strong> Ability to combine tanks <\/strong> <\/p>\n<p class = \"paint-accent-color\" style = \"text-align: right; margin-top: -33px;\"> <strong> Yes <\/strong> <\/p>\n<p>[\/vc_column_text][vc_column_text css=&#8221;.vc_custom_1602750056486{padding-top: 12px !important;}&#8221; el_class=&#8221;color-title&#8221;]<\/p>\n<p class = \"color-title\" style = \"text-align: left; padding-right: 50px;\"> <strong> Country of production <\/strong> <\/p>\n<p class = \"paint-accent-color\" style = \"text-align: right; margin-top: -33px;\"> <strong> Poland <\/strong> <\/p>\n<p>[\/vc_column_text][vc_empty_space height=&#8221;52px&#8221;][vc_column_text]<b> Drinking Water Certifications: <\/b> NSF \/ ANSI 61; SI-5452, PZH &#8211; National Institute of Public Health &#8211; National Institute of Hygiene, EU Directive on contact with water, acid and alcohol-based foodstuffs, FDA code of federal regulations Title 21, SI 5113. (+)[\/vc_column_text][vc_empty_space][vc_single_image image=&#8221;2497&#8243; img_size=&#8221;full&#8221; alignment=&#8221;center&#8221;][\/vc_column][\/vc_row]<\/p>\n","protected":false},"excerpt":{"rendered":"<p>[vc_row type=&#8221;vc_default&#8221;][vc_column css=&#8221;.vc_custom_1498229431694{padding-bottom: 50px !important;}&#8221;][vc_column_text]In our company, we produce hydroBANKS, which are perfect for the distribution and storage of drinking water and for other sanitary purposes, such as washing hands and body, washing dishes and for food purposes. Our hydroBANKS are welded from very durable, dedicated materials that have all possible certificates allowing them to&hellip;<\/p>\n","protected":false},"author":1,"featured_media":0,"parent":2473,"menu_order":100,"comment_status":"closed","ping_status":"closed","template":"","meta":{"footnotes":""},"class_list":["post-2493","page","type-page","status-publish","hentry","description-off"],"yoast_head":"<!-- This site is optimized with the Yoast SEO plugin v25.8 - https:\/\/yoast.com\/wordpress\/plugins\/seo\/ -->\n<title>DRINK WATER - hydroBANK \u2013 elastyczne zbiorniki na wod\u0119 | PPHU AGATA od 1986<\/title>\n<meta name=\"robots\" content=\"index, follow, max-snippet:-1, max-image-preview:large, max-video-preview:-1\" \/>\n<link rel=\"canonical\" href=\"https:\/\/hydrobank.eu\/en\/fileds-of-use\/woda-socjalno-bytowa\/\" \/>\n<meta property=\"og:locale\" content=\"en_US\" \/>\n<meta property=\"og:type\" content=\"article\" \/>\n<meta property=\"og:title\" content=\"DRINK WATER - hydroBANK \u2013 elastyczne zbiorniki na wod\u0119 | PPHU AGATA od 1986\" \/>\n<meta property=\"og:description\" content=\"[vc_row type=&#8221;vc_default&#8221;][vc_column css=&#8221;.vc_custom_1498229431694{padding-bottom: 50px !important;}&#8221;][vc_column_text]In our company, we produce hydroBANKS, which are perfect for the distribution and storage of drinking water and for other sanitary purposes, such as washing hands and body, washing dishes and for food purposes. Our hydroBANKS are welded from very durable, dedicated materials that have all possible certificates allowing them to&hellip;\" \/>\n<meta property=\"og:url\" content=\"https:\/\/hydrobank.eu\/en\/fileds-of-use\/woda-socjalno-bytowa\/\" \/>\n<meta property=\"og:site_name\" content=\"hydroBANK \u2013 elastyczne zbiorniki na wod\u0119 | PPHU AGATA od 1986\" \/>\n<meta property=\"article:modified_time\" content=\"2020-12-17T13:29:04+00:00\" \/>\n<meta name=\"twitter:card\" content=\"summary_large_image\" \/>\n<meta name=\"twitter:label1\" content=\"Est. reading time\" \/>\n\t<meta name=\"twitter:data1\" content=\"6 minutes\" \/>\n<script type=\"application\/ld+json\" class=\"yoast-schema-graph\">{\"@context\":\"https:\/\/schema.org\",\"@graph\":[{\"@type\":\"WebPage\",\"@id\":\"https:\/\/hydrobank.eu\/en\/fileds-of-use\/woda-socjalno-bytowa\/\",\"url\":\"https:\/\/hydrobank.eu\/en\/fileds-of-use\/woda-socjalno-bytowa\/\",\"name\":\"DRINK WATER - hydroBANK \u2013 elastyczne zbiorniki na wod\u0119 | PPHU AGATA od 1986\",\"isPartOf\":{\"@id\":\"https:\/\/hydrobank.eu\/en\/#website\"},\"datePublished\":\"2020-12-14T14:38:38+00:00\",\"dateModified\":\"2020-12-17T13:29:04+00:00\",\"breadcrumb\":{\"@id\":\"https:\/\/hydrobank.eu\/en\/fileds-of-use\/woda-socjalno-bytowa\/#breadcrumb\"},\"inLanguage\":\"en-US\",\"potentialAction\":[{\"@type\":\"ReadAction\",\"target\":[\"https:\/\/hydrobank.eu\/en\/fileds-of-use\/woda-socjalno-bytowa\/\"]}]},{\"@type\":\"BreadcrumbList\",\"@id\":\"https:\/\/hydrobank.eu\/en\/fileds-of-use\/woda-socjalno-bytowa\/#breadcrumb\",\"itemListElement\":[{\"@type\":\"ListItem\",\"position\":1,\"name\":\"Strona g\u0142\u00f3wna\",\"item\":\"https:\/\/hydrobank.eu\/en\/home\/\"},{\"@type\":\"ListItem\",\"position\":2,\"name\":\"FILEDS OF USE\",\"item\":\"https:\/\/hydrobank.eu\/en\/fileds-of-use\/\"},{\"@type\":\"ListItem\",\"position\":3,\"name\":\"DRINK WATER\"}]},{\"@type\":\"WebSite\",\"@id\":\"https:\/\/hydrobank.eu\/en\/#website\",\"url\":\"https:\/\/hydrobank.eu\/en\/\",\"name\":\"Zbiorniki na wod\u0119 pitn\u0105\",\"description\":\"AGATA - Polski producent zbiornik\u00f3w na wod\u0119.\",\"publisher\":{\"@id\":\"https:\/\/hydrobank.eu\/en\/#organization\"},\"potentialAction\":[{\"@type\":\"SearchAction\",\"target\":{\"@type\":\"EntryPoint\",\"urlTemplate\":\"https:\/\/hydrobank.eu\/en\/?s={search_term_string}\"},\"query-input\":{\"@type\":\"PropertyValueSpecification\",\"valueRequired\":true,\"valueName\":\"search_term_string\"}}],\"inLanguage\":\"en-US\"},{\"@type\":\"Organization\",\"@id\":\"https:\/\/hydrobank.eu\/en\/#organization\",\"name\":\"AGATA\",\"url\":\"https:\/\/hydrobank.eu\/en\/\",\"logo\":{\"@type\":\"ImageObject\",\"inLanguage\":\"en-US\",\"@id\":\"https:\/\/hydrobank.eu\/en\/#\/schema\/logo\/image\/\",\"url\":\"https:\/\/hydrobank.eu\/wp-content\/uploads\/2020\/10\/logo-hydrobank-00.png\",\"contentUrl\":\"https:\/\/hydrobank.eu\/wp-content\/uploads\/2020\/10\/logo-hydrobank-00.png\",\"width\":192,\"height\":81,\"caption\":\"AGATA\"},\"image\":{\"@id\":\"https:\/\/hydrobank.eu\/en\/#\/schema\/logo\/image\/\"}}]}<\/script>\n<!-- \/ Yoast SEO plugin. -->","yoast_head_json":{"title":"DRINK WATER - hydroBANK \u2013 elastyczne zbiorniki na wod\u0119 | PPHU AGATA od 1986","robots":{"index":"index","follow":"follow","max-snippet":"max-snippet:-1","max-image-preview":"max-image-preview:large","max-video-preview":"max-video-preview:-1"},"canonical":"https:\/\/hydrobank.eu\/en\/fileds-of-use\/woda-socjalno-bytowa\/","og_locale":"en_US","og_type":"article","og_title":"DRINK WATER - hydroBANK \u2013 elastyczne zbiorniki na wod\u0119 | PPHU AGATA od 1986","og_description":"[vc_row type=&#8221;vc_default&#8221;][vc_column css=&#8221;.vc_custom_1498229431694{padding-bottom: 50px !important;}&#8221;][vc_column_text]In our company, we produce hydroBANKS, which are perfect for the distribution and storage of drinking water and for other sanitary purposes, such as washing hands and body, washing dishes and for food purposes. Our hydroBANKS are welded from very durable, dedicated materials that have all possible certificates allowing them to&hellip;","og_url":"https:\/\/hydrobank.eu\/en\/fileds-of-use\/woda-socjalno-bytowa\/","og_site_name":"hydroBANK \u2013 elastyczne zbiorniki na wod\u0119 | PPHU AGATA od 1986","article_modified_time":"2020-12-17T13:29:04+00:00","twitter_card":"summary_large_image","twitter_misc":{"Est. reading time":"6 minutes"},"schema":{"@context":"https:\/\/schema.org","@graph":[{"@type":"WebPage","@id":"https:\/\/hydrobank.eu\/en\/fileds-of-use\/woda-socjalno-bytowa\/","url":"https:\/\/hydrobank.eu\/en\/fileds-of-use\/woda-socjalno-bytowa\/","name":"DRINK WATER - hydroBANK \u2013 elastyczne zbiorniki na wod\u0119 | PPHU AGATA od 1986","isPartOf":{"@id":"https:\/\/hydrobank.eu\/en\/#website"},"datePublished":"2020-12-14T14:38:38+00:00","dateModified":"2020-12-17T13:29:04+00:00","breadcrumb":{"@id":"https:\/\/hydrobank.eu\/en\/fileds-of-use\/woda-socjalno-bytowa\/#breadcrumb"},"inLanguage":"en-US","potentialAction":[{"@type":"ReadAction","target":["https:\/\/hydrobank.eu\/en\/fileds-of-use\/woda-socjalno-bytowa\/"]}]},{"@type":"BreadcrumbList","@id":"https:\/\/hydrobank.eu\/en\/fileds-of-use\/woda-socjalno-bytowa\/#breadcrumb","itemListElement":[{"@type":"ListItem","position":1,"name":"Strona g\u0142\u00f3wna","item":"https:\/\/hydrobank.eu\/en\/home\/"},{"@type":"ListItem","position":2,"name":"FILEDS OF USE","item":"https:\/\/hydrobank.eu\/en\/fileds-of-use\/"},{"@type":"ListItem","position":3,"name":"DRINK WATER"}]},{"@type":"WebSite","@id":"https:\/\/hydrobank.eu\/en\/#website","url":"https:\/\/hydrobank.eu\/en\/","name":"Zbiorniki na wod\u0119 pitn\u0105","description":"AGATA - Polski producent zbiornik\u00f3w na wod\u0119.","publisher":{"@id":"https:\/\/hydrobank.eu\/en\/#organization"},"potentialAction":[{"@type":"SearchAction","target":{"@type":"EntryPoint","urlTemplate":"https:\/\/hydrobank.eu\/en\/?s={search_term_string}"},"query-input":{"@type":"PropertyValueSpecification","valueRequired":true,"valueName":"search_term_string"}}],"inLanguage":"en-US"},{"@type":"Organization","@id":"https:\/\/hydrobank.eu\/en\/#organization","name":"AGATA","url":"https:\/\/hydrobank.eu\/en\/","logo":{"@type":"ImageObject","inLanguage":"en-US","@id":"https:\/\/hydrobank.eu\/en\/#\/schema\/logo\/image\/","url":"https:\/\/hydrobank.eu\/wp-content\/uploads\/2020\/10\/logo-hydrobank-00.png","contentUrl":"https:\/\/hydrobank.eu\/wp-content\/uploads\/2020\/10\/logo-hydrobank-00.png","width":192,"height":81,"caption":"AGATA"},"image":{"@id":"https:\/\/hydrobank.eu\/en\/#\/schema\/logo\/image\/"}}]}},"_links":{"self":[{"href":"https:\/\/hydrobank.eu\/en\/wp-json\/wp\/v2\/pages\/2493","targetHints":{"allow":["GET"]}}],"collection":[{"href":"https:\/\/hydrobank.eu\/en\/wp-json\/wp\/v2\/pages"}],"about":[{"href":"https:\/\/hydrobank.eu\/en\/wp-json\/wp\/v2\/types\/page"}],"author":[{"embeddable":true,"href":"https:\/\/hydrobank.eu\/en\/wp-json\/wp\/v2\/users\/1"}],"replies":[{"embeddable":true,"href":"https:\/\/hydrobank.eu\/en\/wp-json\/wp\/v2\/comments?post=2493"}],"version-history":[{"count":12,"href":"https:\/\/hydrobank.eu\/en\/wp-json\/wp\/v2\/pages\/2493\/revisions"}],"predecessor-version":[{"id":2629,"href":"https:\/\/hydrobank.eu\/en\/wp-json\/wp\/v2\/pages\/2493\/revisions\/2629"}],"up":[{"embeddable":true,"href":"https:\/\/hydrobank.eu\/en\/wp-json\/wp\/v2\/pages\/2473"}],"wp:attachment":[{"href":"https:\/\/hydrobank.eu\/en\/wp-json\/wp\/v2\/media?parent=2493"}],"curies":[{"name":"wp","href":"https:\/\/api.w.org\/{rel}","templated":true}]}}