{"id":2501,"date":"2020-12-14T15:39:22","date_gmt":"2020-12-14T14:39:22","guid":{"rendered":"https:\/\/hydrobank.eu\/promocje\/"},"modified":"2020-12-17T14:20:18","modified_gmt":"2020-12-17T13:20:18","slug":"promocje","status":"publish","type":"page","link":"https:\/\/hydrobank.eu\/en\/promocje\/","title":{"rendered":"Sales"},"content":{"rendered":"<p>[vc_row equal_height=&#8221;yes&#8221; content_placement=&#8221;middle&#8221; type=&#8221;vc_default&#8221; margin_top=&#8221;10&#8243; margin_bottom=&#8221;25&#8243; css=&#8221;.vc_custom_1490526340467{padding-top: 70px !important;padding-bottom: 20px !important;}&#8221;][vc_column width=&#8221;2\/3&#8243; css=&#8221;.vc_custom_1498750429084{padding-bottom: 50px !important;}&#8221; offset=&#8221;vc_col-lg-offset-0 vc_col-lg-6 vc_col-md-offset-0 vc_col-md-6 vc_col-sm-offset-2 vc_col-xs-12&#8243;]<style type=\"text\/css\" data-type=\"the7_shortcodes-inline-css\">.shortcode-single-image-wrap.shortcode-single-image-f7d6c6a5f79b92ead4d9676f8596241e.enable-bg-rollover .rollover i,\n.shortcode-single-image-wrap.shortcode-single-image-f7d6c6a5f79b92ead4d9676f8596241e.enable-bg-rollover .rollover-video i {\n  background: -webkit-linear-gradient();\n  background: linear-gradient();\n}\n.shortcode-single-image-wrap.shortcode-single-image-f7d6c6a5f79b92ead4d9676f8596241e .rollover-icon {\n  font-size: 32px;\n  color: #ffffff;\n  min-width: 44px;\n  min-height: 44px;\n  line-height: 44px;\n  border-radius: 100px;\n  border-style: solid;\n  border-width: 0px;\n}\n.dt-icon-bg-on.shortcode-single-image-wrap.shortcode-single-image-f7d6c6a5f79b92ead4d9676f8596241e .rollover-icon {\n  background: rgba(255,255,255,0.3);\n  box-shadow: none;\n}\n<\/style><div class=\"shortcode-single-image-wrap shortcode-single-image-f7d6c6a5f79b92ead4d9676f8596241e alignnone  enable-bg-rollover dt-icon-bg-off\" style=\"margin-top:0px; margin-bottom:0px; margin-left:0px; margin-right:0px; width:800px;\"><div class=\"shortcode-single-image\"><div class=\"fancy-media-wrap  layzr-bg\" style=\"\"><img fetchpriority=\"high\" decoding=\"async\" class=\"preload-me lazy-load aspect\" src=\"data:image\/svg+xml,%3Csvg%20xmlns%3D&#39;http%3A%2F%2Fwww.w3.org%2F2000%2Fsvg&#39;%20viewBox%3D&#39;0%200%20720%20720&#39;%2F%3E\" data-src=\"https:\/\/hydrobank.eu\/wp-content\/uploads\/2020\/10\/promocje-na-hydrobanki-2-720x720.jpg\" data-srcset=\"https:\/\/hydrobank.eu\/wp-content\/uploads\/2020\/10\/promocje-na-hydrobanki-2-720x720.jpg 720w\" loading=\"eager\" sizes=\"(max-width: 720px) 100vw, 720px\" width=\"720\" height=\"720\"  data-dt-location=\"https:\/\/hydrobank.eu\/en\/promocje-na-hydrobanki-2\/\" style=\"--ratio: 720 \/ 720;\" alt=\"\" \/><\/div><\/div><\/div>[\/vc_column][vc_column width=&#8221;2\/3&#8243; css=&#8221;.vc_custom_1498750488327{padding-bottom: 50px !important;}&#8221; offset=&#8221;vc_col-lg-offset-0 vc_col-lg-6 vc_col-md-offset-0 vc_col-md-6 vc_col-sm-offset-2 vc_col-xs-12&#8243;]<div id=\"ultimate-heading-79269e35a223c2dc\" class=\"uvc-heading ult-adjust-bottom-margin ultimate-heading-79269e35a223c2dc uvc-3383 color-title accent-title-color\" data-hspacer=\"no_spacer\"  data-halign=\"left\" style=\"text-align:left\"><div class=\"uvc-heading-spacer no_spacer\" style=\"top\"><\/div><div class=\"uvc-main-heading ult-responsive\"  data-ultimate-target='.uvc-heading.ultimate-heading-79269e35a223c2dc h2'  data-responsive-json-new='{\"font-size\":\"desktop:20px;\",\"line-height\":\"desktop:26px;\"}' ><h2 style=\"font-weight:bold;margin-bottom:5px;\">Promotion until the end of 2020<\/h2><\/div><div class=\"uvc-sub-heading ult-responsive\"  data-ultimate-target='.uvc-heading.ultimate-heading-79269e35a223c2dc .uvc-sub-heading '  data-responsive-json-new='{\"font-size\":\"desktop:34px;\",\"line-height\":\"desktop:40px;\"}'  style=\"font-weight:700;margin-bottom:20px;\">20% reduction of hydroBANKS for rainwater!<\/div><\/div>[vc_column_text css=&#8221;.vc_custom_1603361096841{padding-bottom: 20px !important;}&#8221;]Take the opportunity to buy our rainwater tanks with a 20% discount until the end of 2020.[\/vc_column_text]<div class=\"standard-number-list bullet-top\"><ul>\n<li> Co-financing up to 80% of the investment. <\/li>\n<li> Return max. PLN 5,000 for the purchase of a rainwater tank. <\/li>\n<li> Shipping by courier in Poland &#8211; free. <\/li>\n<\/ul>\n<\/div><style type=\"text\/css\" data-type=\"the7_shortcodes-inline-css\">#default-btn-98129681e6b08dd3815ddfdfaba3f0d5.ico-right-side > i {\n  margin-right: 0px;\n  margin-left: 8px;\n}\n#default-btn-98129681e6b08dd3815ddfdfaba3f0d5 > i {\n  margin-right: 8px;\n}\n<\/style><a href=\"\/kontakt\/\" class=\"default-btn-shortcode dt-btn dt-btn-m link-hover-off btn-inline-left  vc_custom_1602503113533\" id=\"default-btn-98129681e6b08dd3815ddfdfaba3f0d5\"><span>SKORZYSTAJ Z PROMOCJI TERAZ!<\/span><\/a>[\/vc_column][\/vc_row][vc_row bg_type=&#8221;bg_color&#8221; bg_override=&#8221;ex-full&#8221; type=&#8221;vc_default&#8221; css=&#8221;.vc_custom_1498212491956{padding-top: 60px !important;padding-bottom: 70px !important;}&#8221; bg_color_value=&#8221;#f5f5f5&#8243;][vc_column]<div id=\"ultimate-heading-304769e35a223c48b\" class=\"uvc-heading ult-adjust-bottom-margin ultimate-heading-304769e35a223c48b uvc-1330 color-title accent-title-color\" data-hspacer=\"no_spacer\"  data-halign=\"center\" style=\"text-align:center\"><div class=\"uvc-heading-spacer no_spacer\" style=\"top\"><\/div><div class=\"uvc-main-heading ult-responsive\"  data-ultimate-target='.uvc-heading.ultimate-heading-304769e35a223c48b h2'  data-responsive-json-new='{\"font-size\":\"desktop:40px;tablet_portrait:20px;\",\"line-height\":\"desktop:46px;tablet_portrait:26px;\"}' ><h2 style=\"font-weight:700;margin-bottom:10px;\">Check back often and check ours sales<\/h2><\/div><div class=\"uvc-sub-heading ult-responsive\"  data-ultimate-target='.uvc-heading.ultimate-heading-304769e35a223c48b .uvc-sub-heading '  data-responsive-json-new='{\"font-size\":\"desktop:70px;tablet_portrait:40px;\",\"line-height\":\"desktop:76px;tablet_portrait:46px;\"}'  style=\"font-weight:700;\">SALES<\/div><\/div><style type=\"text\/css\" data-type=\"the7_shortcodes-inline-css\">#default-btn-f70c6b8695a6557916158f0c82396934.ico-right-side > i {\n  margin-right: 0px;\n  margin-left: 8px;\n}\n#default-btn-f70c6b8695a6557916158f0c82396934 > i {\n  margin-right: 8px;\n}\n<\/style><div class=\"btn-align-center\"><a href=\"https:\/\/hydrobank.eu\/kontakt\/\" class=\"default-btn-shortcode dt-btn dt-btn-l link-hover-off  vc_custom_1603360464824\" id=\"default-btn-f70c6b8695a6557916158f0c82396934\" style=\"width:400px;\" title=\"KONTAKT\"><span>ZAPYTAJ O AKTUALNE PROMOCJE<\/span><\/a><\/div>[\/vc_column][\/vc_row]<\/p>\n","protected":false},"excerpt":{"rendered":"<p>[vc_row equal_height=&#8221;yes&#8221; content_placement=&#8221;middle&#8221; type=&#8221;vc_default&#8221; margin_top=&#8221;10&#8243; margin_bottom=&#8221;25&#8243; css=&#8221;.vc_custom_1490526340467{padding-top: 70px !important;padding-bottom: 20px !important;}&#8221;][vc_column width=&#8221;2\/3&#8243; css=&#8221;.vc_custom_1498750429084{padding-bottom: 50px !important;}&#8221; offset=&#8221;vc_col-lg-offset-0 vc_col-lg-6 vc_col-md-offset-0 vc_col-md-6 vc_col-sm-offset-2 vc_col-xs-12&#8243;][\/vc_column][vc_column width=&#8221;2\/3&#8243; css=&#8221;.vc_custom_1498750488327{padding-bottom: 50px !important;}&#8221; offset=&#8221;vc_col-lg-offset-0 vc_col-lg-6 vc_col-md-offset-0 vc_col-md-6 vc_col-sm-offset-2 vc_col-xs-12&#8243;][vc_column_text css=&#8221;.vc_custom_1603361096841{padding-bottom: 20px !important;}&#8221;]Take the opportunity to buy our rainwater tanks with a 20% discount until the end of 2020.[\/vc_column_text][\/vc_column][\/vc_row][vc_row bg_type=&#8221;bg_color&#8221; bg_override=&#8221;ex-full&#8221; type=&#8221;vc_default&#8221; css=&#8221;.vc_custom_1498212491956{padding-top: 60px&hellip;<\/p>\n","protected":false},"author":1,"featured_media":0,"parent":0,"menu_order":500,"comment_status":"closed","ping_status":"closed","template":"","meta":{"footnotes":""},"class_list":["post-2501","page","type-page","status-publish","hentry","description-off"],"yoast_head":"<!-- This site is optimized with the Yoast SEO plugin v25.8 - https:\/\/yoast.com\/wordpress\/plugins\/seo\/ -->\n<title>Sales - hydroBANK \u2013 elastyczne zbiorniki na wod\u0119 | PPHU AGATA od 1986<\/title>\n<meta name=\"robots\" content=\"index, follow, max-snippet:-1, max-image-preview:large, max-video-preview:-1\" \/>\n<link rel=\"canonical\" href=\"https:\/\/hydrobank.eu\/en\/promocje\/\" \/>\n<meta property=\"og:locale\" content=\"en_US\" \/>\n<meta property=\"og:type\" content=\"article\" \/>\n<meta property=\"og:title\" content=\"Sales - hydroBANK \u2013 elastyczne zbiorniki na wod\u0119 | PPHU AGATA od 1986\" \/>\n<meta property=\"og:description\" content=\"[vc_row equal_height=&#8221;yes&#8221; content_placement=&#8221;middle&#8221; type=&#8221;vc_default&#8221; margin_top=&#8221;10&#8243; margin_bottom=&#8221;25&#8243; css=&#8221;.vc_custom_1490526340467{padding-top: 70px !important;padding-bottom: 20px !important;}&#8221;][vc_column width=&#8221;2\/3&#8243; css=&#8221;.vc_custom_1498750429084{padding-bottom: 50px !important;}&#8221; offset=&#8221;vc_col-lg-offset-0 vc_col-lg-6 vc_col-md-offset-0 vc_col-md-6 vc_col-sm-offset-2 vc_col-xs-12&#8243;][\/vc_column][vc_column width=&#8221;2\/3&#8243; css=&#8221;.vc_custom_1498750488327{padding-bottom: 50px !important;}&#8221; offset=&#8221;vc_col-lg-offset-0 vc_col-lg-6 vc_col-md-offset-0 vc_col-md-6 vc_col-sm-offset-2 vc_col-xs-12&#8243;][vc_column_text css=&#8221;.vc_custom_1603361096841{padding-bottom: 20px !important;}&#8221;]Take the opportunity to buy our rainwater tanks with a 20% discount until the end of 2020.[\/vc_column_text][\/vc_column][\/vc_row][vc_row bg_type=&#8221;bg_color&#8221; bg_override=&#8221;ex-full&#8221; type=&#8221;vc_default&#8221; css=&#8221;.vc_custom_1498212491956{padding-top: 60px&hellip;\" \/>\n<meta property=\"og:url\" content=\"https:\/\/hydrobank.eu\/en\/promocje\/\" \/>\n<meta property=\"og:site_name\" content=\"hydroBANK \u2013 elastyczne zbiorniki na wod\u0119 | PPHU AGATA od 1986\" \/>\n<meta property=\"article:modified_time\" content=\"2020-12-17T13:20:18+00:00\" \/>\n<meta name=\"twitter:card\" content=\"summary_large_image\" \/>\n<meta name=\"twitter:label1\" content=\"Est. reading time\" \/>\n\t<meta name=\"twitter:data1\" content=\"2 minutes\" \/>\n<script type=\"application\/ld+json\" class=\"yoast-schema-graph\">{\"@context\":\"https:\/\/schema.org\",\"@graph\":[{\"@type\":\"WebPage\",\"@id\":\"https:\/\/hydrobank.eu\/en\/promocje\/\",\"url\":\"https:\/\/hydrobank.eu\/en\/promocje\/\",\"name\":\"Sales - hydroBANK \u2013 elastyczne zbiorniki na wod\u0119 | PPHU AGATA od 1986\",\"isPartOf\":{\"@id\":\"https:\/\/hydrobank.eu\/en\/#website\"},\"datePublished\":\"2020-12-14T14:39:22+00:00\",\"dateModified\":\"2020-12-17T13:20:18+00:00\",\"breadcrumb\":{\"@id\":\"https:\/\/hydrobank.eu\/en\/promocje\/#breadcrumb\"},\"inLanguage\":\"en-US\",\"potentialAction\":[{\"@type\":\"ReadAction\",\"target\":[\"https:\/\/hydrobank.eu\/en\/promocje\/\"]}]},{\"@type\":\"BreadcrumbList\",\"@id\":\"https:\/\/hydrobank.eu\/en\/promocje\/#breadcrumb\",\"itemListElement\":[{\"@type\":\"ListItem\",\"position\":1,\"name\":\"Strona g\u0142\u00f3wna\",\"item\":\"https:\/\/hydrobank.eu\/en\/home\/\"},{\"@type\":\"ListItem\",\"position\":2,\"name\":\"Sales\"}]},{\"@type\":\"WebSite\",\"@id\":\"https:\/\/hydrobank.eu\/en\/#website\",\"url\":\"https:\/\/hydrobank.eu\/en\/\",\"name\":\"Zbiorniki na wod\u0119 pitn\u0105\",\"description\":\"AGATA - Polski producent zbiornik\u00f3w na wod\u0119.\",\"publisher\":{\"@id\":\"https:\/\/hydrobank.eu\/en\/#organization\"},\"potentialAction\":[{\"@type\":\"SearchAction\",\"target\":{\"@type\":\"EntryPoint\",\"urlTemplate\":\"https:\/\/hydrobank.eu\/en\/?s={search_term_string}\"},\"query-input\":{\"@type\":\"PropertyValueSpecification\",\"valueRequired\":true,\"valueName\":\"search_term_string\"}}],\"inLanguage\":\"en-US\"},{\"@type\":\"Organization\",\"@id\":\"https:\/\/hydrobank.eu\/en\/#organization\",\"name\":\"AGATA\",\"url\":\"https:\/\/hydrobank.eu\/en\/\",\"logo\":{\"@type\":\"ImageObject\",\"inLanguage\":\"en-US\",\"@id\":\"https:\/\/hydrobank.eu\/en\/#\/schema\/logo\/image\/\",\"url\":\"https:\/\/hydrobank.eu\/wp-content\/uploads\/2020\/10\/logo-hydrobank-00.png\",\"contentUrl\":\"https:\/\/hydrobank.eu\/wp-content\/uploads\/2020\/10\/logo-hydrobank-00.png\",\"width\":192,\"height\":81,\"caption\":\"AGATA\"},\"image\":{\"@id\":\"https:\/\/hydrobank.eu\/en\/#\/schema\/logo\/image\/\"}}]}<\/script>\n<!-- \/ Yoast SEO plugin. -->","yoast_head_json":{"title":"Sales - hydroBANK \u2013 elastyczne zbiorniki na wod\u0119 | PPHU AGATA od 1986","robots":{"index":"index","follow":"follow","max-snippet":"max-snippet:-1","max-image-preview":"max-image-preview:large","max-video-preview":"max-video-preview:-1"},"canonical":"https:\/\/hydrobank.eu\/en\/promocje\/","og_locale":"en_US","og_type":"article","og_title":"Sales - hydroBANK \u2013 elastyczne zbiorniki na wod\u0119 | PPHU AGATA od 1986","og_description":"[vc_row equal_height=&#8221;yes&#8221; content_placement=&#8221;middle&#8221; type=&#8221;vc_default&#8221; margin_top=&#8221;10&#8243; margin_bottom=&#8221;25&#8243; css=&#8221;.vc_custom_1490526340467{padding-top: 70px !important;padding-bottom: 20px !important;}&#8221;][vc_column width=&#8221;2\/3&#8243; css=&#8221;.vc_custom_1498750429084{padding-bottom: 50px !important;}&#8221; offset=&#8221;vc_col-lg-offset-0 vc_col-lg-6 vc_col-md-offset-0 vc_col-md-6 vc_col-sm-offset-2 vc_col-xs-12&#8243;][\/vc_column][vc_column width=&#8221;2\/3&#8243; css=&#8221;.vc_custom_1498750488327{padding-bottom: 50px !important;}&#8221; offset=&#8221;vc_col-lg-offset-0 vc_col-lg-6 vc_col-md-offset-0 vc_col-md-6 vc_col-sm-offset-2 vc_col-xs-12&#8243;][vc_column_text css=&#8221;.vc_custom_1603361096841{padding-bottom: 20px !important;}&#8221;]Take the opportunity to buy our rainwater tanks with a 20% discount until the end of 2020.[\/vc_column_text][\/vc_column][\/vc_row][vc_row bg_type=&#8221;bg_color&#8221; bg_override=&#8221;ex-full&#8221; type=&#8221;vc_default&#8221; css=&#8221;.vc_custom_1498212491956{padding-top: 60px&hellip;","og_url":"https:\/\/hydrobank.eu\/en\/promocje\/","og_site_name":"hydroBANK \u2013 elastyczne zbiorniki na wod\u0119 | PPHU AGATA od 1986","article_modified_time":"2020-12-17T13:20:18+00:00","twitter_card":"summary_large_image","twitter_misc":{"Est. reading time":"2 minutes"},"schema":{"@context":"https:\/\/schema.org","@graph":[{"@type":"WebPage","@id":"https:\/\/hydrobank.eu\/en\/promocje\/","url":"https:\/\/hydrobank.eu\/en\/promocje\/","name":"Sales - hydroBANK \u2013 elastyczne zbiorniki na wod\u0119 | PPHU AGATA od 1986","isPartOf":{"@id":"https:\/\/hydrobank.eu\/en\/#website"},"datePublished":"2020-12-14T14:39:22+00:00","dateModified":"2020-12-17T13:20:18+00:00","breadcrumb":{"@id":"https:\/\/hydrobank.eu\/en\/promocje\/#breadcrumb"},"inLanguage":"en-US","potentialAction":[{"@type":"ReadAction","target":["https:\/\/hydrobank.eu\/en\/promocje\/"]}]},{"@type":"BreadcrumbList","@id":"https:\/\/hydrobank.eu\/en\/promocje\/#breadcrumb","itemListElement":[{"@type":"ListItem","position":1,"name":"Strona g\u0142\u00f3wna","item":"https:\/\/hydrobank.eu\/en\/home\/"},{"@type":"ListItem","position":2,"name":"Sales"}]},{"@type":"WebSite","@id":"https:\/\/hydrobank.eu\/en\/#website","url":"https:\/\/hydrobank.eu\/en\/","name":"Zbiorniki na wod\u0119 pitn\u0105","description":"AGATA - Polski producent zbiornik\u00f3w na wod\u0119.","publisher":{"@id":"https:\/\/hydrobank.eu\/en\/#organization"},"potentialAction":[{"@type":"SearchAction","target":{"@type":"EntryPoint","urlTemplate":"https:\/\/hydrobank.eu\/en\/?s={search_term_string}"},"query-input":{"@type":"PropertyValueSpecification","valueRequired":true,"valueName":"search_term_string"}}],"inLanguage":"en-US"},{"@type":"Organization","@id":"https:\/\/hydrobank.eu\/en\/#organization","name":"AGATA","url":"https:\/\/hydrobank.eu\/en\/","logo":{"@type":"ImageObject","inLanguage":"en-US","@id":"https:\/\/hydrobank.eu\/en\/#\/schema\/logo\/image\/","url":"https:\/\/hydrobank.eu\/wp-content\/uploads\/2020\/10\/logo-hydrobank-00.png","contentUrl":"https:\/\/hydrobank.eu\/wp-content\/uploads\/2020\/10\/logo-hydrobank-00.png","width":192,"height":81,"caption":"AGATA"},"image":{"@id":"https:\/\/hydrobank.eu\/en\/#\/schema\/logo\/image\/"}}]}},"_links":{"self":[{"href":"https:\/\/hydrobank.eu\/en\/wp-json\/wp\/v2\/pages\/2501","targetHints":{"allow":["GET"]}}],"collection":[{"href":"https:\/\/hydrobank.eu\/en\/wp-json\/wp\/v2\/pages"}],"about":[{"href":"https:\/\/hydrobank.eu\/en\/wp-json\/wp\/v2\/types\/page"}],"author":[{"embeddable":true,"href":"https:\/\/hydrobank.eu\/en\/wp-json\/wp\/v2\/users\/1"}],"replies":[{"embeddable":true,"href":"https:\/\/hydrobank.eu\/en\/wp-json\/wp\/v2\/comments?post=2501"}],"version-history":[{"count":4,"href":"https:\/\/hydrobank.eu\/en\/wp-json\/wp\/v2\/pages\/2501\/revisions"}],"predecessor-version":[{"id":2621,"href":"https:\/\/hydrobank.eu\/en\/wp-json\/wp\/v2\/pages\/2501\/revisions\/2621"}],"wp:attachment":[{"href":"https:\/\/hydrobank.eu\/en\/wp-json\/wp\/v2\/media?parent=2501"}],"curies":[{"name":"wp","href":"https:\/\/api.w.org\/{rel}","templated":true}]}}